{"id":41777,"date":"2026-01-27T19:25:22","date_gmt":"2026-01-27T19:25:22","guid":{"rendered":"https:\/\/www.deporteseli.com\/?product=botas-nike-dj5631-700-24-2"},"modified":"2026-02-16T07:49:41","modified_gmt":"2026-02-16T07:49:41","slug":"botas-nike-dj5631-700-24-2","status":"publish","type":"product","link":"https:\/\/www.deporteseli.com\/?product=botas-nike-dj5631-700-24-2","title":{"rendered":"BOTAS NIKE DJ5631-700\/24.2"},"content":{"rendered":"<p>Las botas de f\u00fatbol Nike Mercurial Vapor 15 Academy FG\/MG, de la colecci\u00f3n Mad Ready Pack, nos presenta la nueva generaci\u00f3n de botas de velocidad para los jugadores m\u00e1s r\u00e1pidos del campo. Inspirado en las gamas profesionales, destaca por su ligereza y la superficie NIKESKIN texturizada que nos ayudar\u00e1 a ejecutar con m\u00e1s velocidad y precisi\u00f3n todo tipo de acciones y la nueva tecnolog\u00eda con Zoom Air en la suela. Este modelo incorpora la suela multisuperficie para una tracci\u00f3n excelente en campos de c\u00e9sped natural y artificial.                                                                                                                                                                                                                                                                                                                                                                                                                                                                                                                                                                                                                                                                                                                                                                                                                                                                                                                                                                                                                                        <\/p>\n","protected":false},"excerpt":{"rendered":"<p>BOTAS NIKE DJ5631-700\/24.2<\/p>\n","protected":false},"featured_media":55380,"template":"","meta":[],"product_brand":[],"product_cat":[318],"product_tag":[37],"class_list":{"0":"post-41777","1":"product","2":"type-product","3":"status-publish","4":"has-post-thumbnail","6":"product_cat-deportes_futbol_botas","7":"product_tag-nike","8":"pa_color-amarillo","9":"pa_talla-153","10":"pa_talla-157","11":"thunk-woo-product-list","12":"opn-qv-enable","13":"open-woo-hover-","14":"open-single-product-tab-horizontal","15":"open-shadow-","16":"open-shadow-hover-","18":"first","19":"instock","20":"sale","21":"shipping-taxable","22":"purchasable","23":"product-type-variable"},"jetpack_sharing_enabled":true,"_links":{"self":[{"href":"https:\/\/www.deporteseli.com\/index.php?rest_route=\/wp\/v2\/product\/41777","targetHints":{"allow":["GET"]}}],"collection":[{"href":"https:\/\/www.deporteseli.com\/index.php?rest_route=\/wp\/v2\/product"}],"about":[{"href":"https:\/\/www.deporteseli.com\/index.php?rest_route=\/wp\/v2\/types\/product"}],"wp:featuredmedia":[{"embeddable":true,"href":"https:\/\/www.deporteseli.com\/index.php?rest_route=\/wp\/v2\/media\/55380"}],"wp:attachment":[{"href":"https:\/\/www.deporteseli.com\/index.php?rest_route=%2Fwp%2Fv2%2Fmedia&parent=41777"}],"wp:term":[{"taxonomy":"product_brand","embeddable":true,"href":"https:\/\/www.deporteseli.com\/index.php?rest_route=%2Fwp%2Fv2%2Fproduct_brand&post=41777"},{"taxonomy":"product_cat","embeddable":true,"href":"https:\/\/www.deporteseli.com\/index.php?rest_route=%2Fwp%2Fv2%2Fproduct_cat&post=41777"},{"taxonomy":"product_tag","embeddable":true,"href":"https:\/\/www.deporteseli.com\/index.php?rest_route=%2Fwp%2Fv2%2Fproduct_tag&post=41777"}],"curies":[{"name":"wp","href":"https:\/\/api.w.org\/{rel}","templated":true}]}}