{"id":41775,"date":"2026-01-27T19:25:17","date_gmt":"2026-01-27T19:25:17","guid":{"rendered":"https:\/\/www.deporteseli.com\/?product=camisa-reebok-100034852-24"},"modified":"2026-03-07T05:55:01","modified_gmt":"2026-03-07T05:55:01","slug":"camisa-reebok-100034852-24","status":"publish","type":"product","link":"https:\/\/www.deporteseli.com\/?product=camisa-reebok-100034852-24","title":{"rendered":"CAMISA REEBOK 100034852\/24"},"content":{"rendered":"<p>CAMISETA PARA TODOS LOS D\u00cdAS CONFECCIONADA CON ALGOD\u00d3N SOSTENIBLE    Presume de tu orgullo Reebok. Esta camiseta para mujer luce un llamativo logo Vector a juego con tu estilo deportivo. El tejido de punto de algod\u00f3n tiene un tacto fresco que te mantendr\u00e1 c\u00f3moda en los paseos matutinos y en las largas tardes de diversi\u00f3n.  Ajuste regular de corte recto para mayor libertad de movimiento  100 % punto simple de algod\u00f3n  Cuello redondo de canal\u00e9  Pieza confeccionada con al menos un 50 % de algod\u00f3n Better Cotton procedente de la agricultura sostenible                                                                                                                                                                                                                                                                                                                                                                                                                                                                                                                                                                                                                                                                                                                                                                                                                                                                                                                                                                                                                                        <\/p>\n","protected":false},"excerpt":{"rendered":"<p>CAMISA REEBOK 100034852\/24<\/p>\n","protected":false},"featured_media":55377,"template":"","meta":[],"product_brand":[],"product_cat":[269],"product_tag":[41],"class_list":{"0":"post-41775","1":"product","2":"type-product","3":"status-publish","4":"has-post-thumbnail","6":"product_cat-mujer_textil_camisetas","7":"product_tag-reebok","8":"pa_color-unico","9":"pa_talla-s","10":"thunk-woo-product-list","11":"opn-qv-enable","12":"open-woo-hover-","13":"open-single-product-tab-horizontal","14":"open-shadow-","15":"open-shadow-hover-","17":"first","18":"instock","19":"shipping-taxable","20":"purchasable","21":"product-type-variable"},"jetpack_sharing_enabled":true,"_links":{"self":[{"href":"https:\/\/www.deporteseli.com\/index.php?rest_route=\/wp\/v2\/product\/41775","targetHints":{"allow":["GET"]}}],"collection":[{"href":"https:\/\/www.deporteseli.com\/index.php?rest_route=\/wp\/v2\/product"}],"about":[{"href":"https:\/\/www.deporteseli.com\/index.php?rest_route=\/wp\/v2\/types\/product"}],"wp:featuredmedia":[{"embeddable":true,"href":"https:\/\/www.deporteseli.com\/index.php?rest_route=\/wp\/v2\/media\/55377"}],"wp:attachment":[{"href":"https:\/\/www.deporteseli.com\/index.php?rest_route=%2Fwp%2Fv2%2Fmedia&parent=41775"}],"wp:term":[{"taxonomy":"product_brand","embeddable":true,"href":"https:\/\/www.deporteseli.com\/index.php?rest_route=%2Fwp%2Fv2%2Fproduct_brand&post=41775"},{"taxonomy":"product_cat","embeddable":true,"href":"https:\/\/www.deporteseli.com\/index.php?rest_route=%2Fwp%2Fv2%2Fproduct_cat&post=41775"},{"taxonomy":"product_tag","embeddable":true,"href":"https:\/\/www.deporteseli.com\/index.php?rest_route=%2Fwp%2Fv2%2Fproduct_tag&post=41775"}],"curies":[{"name":"wp","href":"https:\/\/api.w.org\/{rel}","templated":true}]}}