{"id":41773,"date":"2026-01-27T19:25:14","date_gmt":"2026-01-27T19:25:14","guid":{"rendered":"https:\/\/www.deporteseli.com\/?product=tenis-reebok-nanoflex-tr2"},"modified":"2026-01-27T19:25:16","modified_gmt":"2026-01-27T19:25:16","slug":"tenis-reebok-nanoflex-tr2","status":"publish","type":"product","link":"https:\/\/www.deporteseli.com\/?product=tenis-reebok-nanoflex-tr2","title":{"rendered":"TENIS REEBOK NANOFLEX TR2"},"content":{"rendered":"<p>Descripci\u00f3n  ZAPATILLAS FIABLES PARA TODO TIPO DE ENTRENAMIENTOS    Desde ejercicios de salto con cuerda hasta series con mancuernas, tus entrenamientos son intensos. Estas zapatillas deportivas Reebok para mujer te ayudar\u00e1n desde el calentamiento din\u00e1mico hasta el descanso despu\u00e9s del entrenamiento. La parte superior de malla transpirable est\u00e1 reforzada con duraderas superposiciones para un estilo deportivo y una sensaci\u00f3n de ligereza, mientras que un clip en el tal\u00f3n a\u00f1ade estabilidad. La suela exterior de alta tracci\u00f3n ofrece un agarre mejorado.                                                                                                                                                                                                                                                                                                                                                                                                                                                                                                                                                                                                                                                                                                                                                                                                                                                                                                                                                                                                                                        <\/p>\n","protected":false},"excerpt":{"rendered":"<p>TENIS REEBOK NANOFLEX TR2<\/p>\n","protected":false},"featured_media":55372,"template":"","meta":[],"product_brand":[],"product_cat":[285],"product_tag":[41],"class_list":{"0":"post-41773","1":"product","2":"type-product","3":"status-publish","4":"has-post-thumbnail","6":"product_cat-mujer_calzado_running","7":"product_tag-reebok","8":"pa_color-unico","9":"pa_talla-141","10":"thunk-woo-product-list","11":"opn-qv-enable","12":"open-woo-hover-","13":"open-single-product-tab-horizontal","14":"open-shadow-","15":"open-shadow-hover-","17":"first","18":"instock","19":"sale","20":"shipping-taxable","21":"purchasable","22":"product-type-variable"},"jetpack_sharing_enabled":true,"_links":{"self":[{"href":"https:\/\/www.deporteseli.com\/index.php?rest_route=\/wp\/v2\/product\/41773","targetHints":{"allow":["GET"]}}],"collection":[{"href":"https:\/\/www.deporteseli.com\/index.php?rest_route=\/wp\/v2\/product"}],"about":[{"href":"https:\/\/www.deporteseli.com\/index.php?rest_route=\/wp\/v2\/types\/product"}],"wp:featuredmedia":[{"embeddable":true,"href":"https:\/\/www.deporteseli.com\/index.php?rest_route=\/wp\/v2\/media\/55372"}],"wp:attachment":[{"href":"https:\/\/www.deporteseli.com\/index.php?rest_route=%2Fwp%2Fv2%2Fmedia&parent=41773"}],"wp:term":[{"taxonomy":"product_brand","embeddable":true,"href":"https:\/\/www.deporteseli.com\/index.php?rest_route=%2Fwp%2Fv2%2Fproduct_brand&post=41773"},{"taxonomy":"product_cat","embeddable":true,"href":"https:\/\/www.deporteseli.com\/index.php?rest_route=%2Fwp%2Fv2%2Fproduct_cat&post=41773"},{"taxonomy":"product_tag","embeddable":true,"href":"https:\/\/www.deporteseli.com\/index.php?rest_route=%2Fwp%2Fv2%2Fproduct_tag&post=41773"}],"curies":[{"name":"wp","href":"https:\/\/api.w.org\/{rel}","templated":true}]}}