{"id":41770,"date":"2026-01-27T19:25:10","date_gmt":"2026-01-27T19:25:10","guid":{"rendered":"https:\/\/www.deporteseli.com\/?product=zapatillas-joma-slam-lady"},"modified":"2026-04-08T09:27:11","modified_gmt":"2026-04-08T09:27:11","slug":"zapatillas-joma-slam-lady","status":"publish","type":"product","link":"https:\/\/www.deporteseli.com\/?product=zapatillas-joma-slam-lady","title":{"rendered":"ZAPATILLAS JOMA SLAM LADY"},"content":{"rendered":"<p>Descubre las Zapatillas Joma Slam Lady 2403 navy blue pink 2024, una innovaci\u00f3n en calzado para p\u00e1del dise\u00f1ado espec\u00edficamente para mujeres. Estas zapatillas, ideales para jugadoras de nivel medio a alto, ofrecen un rendimiento excepcional tanto en entrenamientos intensos como en competiciones. Con su elegante combinaci\u00f3n de azul marino y detalles rosas, no solo brindan funcionalidad sino tambi\u00e9n un estilo sofisticado.    La marca Joma ha superado todas las expectativas con estas zapatillas, destacando por su capacidad para combinar de manera magistral estabilidad, reactividad y una amortiguaci\u00f3n superior. Si eres una jugadora regular de p\u00e1del, estas zapatillas son tu elecci\u00f3n perfecta para destacar en la pista y sentirte c\u00f3moda a cada paso.    Caracter\u00edsticas Zapatillas Joma Slam Lady 2403 navy blue pink  Tecnolog\u00eda VTS en el corte de textil, ofreciendo un sistema de ventilaci\u00f3n avanzado para mantener la temperatura ideal del pie.  Material sint\u00e9tico ligero y sin costuras, proporcionando protecci\u00f3n y un ajuste perfecto al movimiento natural del pie.  Mediasuela Full Dual Pulsor con tecnolog\u00eda Reactive Ball, garantizando una amortiguaci\u00f3n excepcional y un retorno de energ\u00eda eficiente.  Suela de caucho Durability con Stabilis integrado, asegurando una durabilidad extrema y estabilidad en cada movimiento.  Dise\u00f1o ergon\u00f3mico con l\u00edneas de flexi\u00f3n Flexo, adapt\u00e1ndose a la pisada y ofreciendo una experiencia de uso personalizada y c\u00f3moda.  Pertenece a la colecci\u00f3n de calzado para p\u00e1del Joma 2024.                                                                                                                                                                                                                                                                                                                                                                                                                                                                                                                                                                                                                                                                                                                                                                                                                                                                                                                                                                                                                                        <\/p>\n","protected":false},"excerpt":{"rendered":"<p>ZAPATILLAS JOMA SLAM LADY<\/p>\n","protected":false},"featured_media":55369,"template":"","meta":[],"product_brand":[],"product_cat":[371],"product_tag":[31],"class_list":{"0":"post-41770","1":"product","2":"type-product","3":"status-publish","4":"has-post-thumbnail","6":"product_cat-padel_y_tenis_calzado","7":"product_tag-joma","8":"pa_color-marino","9":"pa_talla-143","10":"pa_talla-145","11":"thunk-woo-product-list","12":"opn-qv-enable","13":"open-woo-hover-","14":"open-single-product-tab-horizontal","15":"open-shadow-","16":"open-shadow-hover-","18":"first","19":"instock","20":"sale","21":"shipping-taxable","22":"purchasable","23":"product-type-variable"},"jetpack_sharing_enabled":true,"_links":{"self":[{"href":"https:\/\/www.deporteseli.com\/index.php?rest_route=\/wp\/v2\/product\/41770","targetHints":{"allow":["GET"]}}],"collection":[{"href":"https:\/\/www.deporteseli.com\/index.php?rest_route=\/wp\/v2\/product"}],"about":[{"href":"https:\/\/www.deporteseli.com\/index.php?rest_route=\/wp\/v2\/types\/product"}],"wp:featuredmedia":[{"embeddable":true,"href":"https:\/\/www.deporteseli.com\/index.php?rest_route=\/wp\/v2\/media\/55369"}],"wp:attachment":[{"href":"https:\/\/www.deporteseli.com\/index.php?rest_route=%2Fwp%2Fv2%2Fmedia&parent=41770"}],"wp:term":[{"taxonomy":"product_brand","embeddable":true,"href":"https:\/\/www.deporteseli.com\/index.php?rest_route=%2Fwp%2Fv2%2Fproduct_brand&post=41770"},{"taxonomy":"product_cat","embeddable":true,"href":"https:\/\/www.deporteseli.com\/index.php?rest_route=%2Fwp%2Fv2%2Fproduct_cat&post=41770"},{"taxonomy":"product_tag","embeddable":true,"href":"https:\/\/www.deporteseli.com\/index.php?rest_route=%2Fwp%2Fv2%2Fproduct_tag&post=41770"}],"curies":[{"name":"wp","href":"https:\/\/api.w.org\/{rel}","templated":true}]}}