{"id":41740,"date":"2026-01-27T19:24:29","date_gmt":"2026-01-27T19:24:29","guid":{"rendered":"https:\/\/www.deporteseli.com\/?product=camisa-adidas-in6479"},"modified":"2026-03-07T05:54:30","modified_gmt":"2026-03-07T05:54:30","slug":"camisa-adidas-in6479","status":"publish","type":"product","link":"https:\/\/www.deporteseli.com\/?product=camisa-adidas-in6479","title":{"rendered":"CAMISA ADIDAS IN6479"},"content":{"rendered":"<p>Esta camiseta adidas luce un vibrante estampado que irradia pura energ\u00eda veraniega. Se ha confeccionado en un tejido de algod\u00f3n ultrasuave que te envuelve en comodidad, ya sea mientras te relajas en la piscina o sales por la noche. Su dise\u00f1o llamativo y su estilo desenfadado te ayudar\u00e1n a entrar en modo vacaciones, est\u00e9s donde est\u00e9s.  El algod\u00f3n de este producto procede de Better Cotton. Better Cotton se obtiene a trav\u00e9s de un modelo de cadena de custodia llamado balance de masas. Esto significa que Better Cotton no es f\u00edsicamente rastreable a nivel de productos finales.                                                                                                                                                                                                                                                                                                                                                                                                                                                                                                                                                                                                                                                                                                                                                                                                                                                                                                                                                                                                                                        <\/p>\n","protected":false},"excerpt":{"rendered":"<p>CAMISA ADIDAS IN6479<\/p>\n","protected":false},"featured_media":55359,"template":"","meta":[],"product_brand":[],"product_cat":[245],"product_tag":[18],"class_list":{"0":"post-41740","1":"product","2":"type-product","3":"status-publish","4":"has-post-thumbnail","6":"product_cat-hombre_textil_camisetas","7":"product_tag-adidas","8":"pa_color-unico","9":"pa_talla-l","10":"thunk-woo-product-list","11":"opn-qv-enable","12":"open-woo-hover-","13":"open-single-product-tab-horizontal","14":"open-shadow-","15":"open-shadow-hover-","17":"first","18":"instock","19":"shipping-taxable","20":"purchasable","21":"product-type-variable"},"jetpack_sharing_enabled":true,"_links":{"self":[{"href":"https:\/\/www.deporteseli.com\/index.php?rest_route=\/wp\/v2\/product\/41740","targetHints":{"allow":["GET"]}}],"collection":[{"href":"https:\/\/www.deporteseli.com\/index.php?rest_route=\/wp\/v2\/product"}],"about":[{"href":"https:\/\/www.deporteseli.com\/index.php?rest_route=\/wp\/v2\/types\/product"}],"wp:featuredmedia":[{"embeddable":true,"href":"https:\/\/www.deporteseli.com\/index.php?rest_route=\/wp\/v2\/media\/55359"}],"wp:attachment":[{"href":"https:\/\/www.deporteseli.com\/index.php?rest_route=%2Fwp%2Fv2%2Fmedia&parent=41740"}],"wp:term":[{"taxonomy":"product_brand","embeddable":true,"href":"https:\/\/www.deporteseli.com\/index.php?rest_route=%2Fwp%2Fv2%2Fproduct_brand&post=41740"},{"taxonomy":"product_cat","embeddable":true,"href":"https:\/\/www.deporteseli.com\/index.php?rest_route=%2Fwp%2Fv2%2Fproduct_cat&post=41740"},{"taxonomy":"product_tag","embeddable":true,"href":"https:\/\/www.deporteseli.com\/index.php?rest_route=%2Fwp%2Fv2%2Fproduct_tag&post=41740"}],"curies":[{"name":"wp","href":"https:\/\/api.w.org\/{rel}","templated":true}]}}