{"id":41736,"date":"2026-01-27T19:24:24","date_gmt":"2026-01-27T19:24:24","guid":{"rendered":"https:\/\/www.deporteseli.com\/?product=zapatilla-de-futbol-predator"},"modified":"2026-01-27T19:24:28","modified_gmt":"2026-01-27T19:24:28","slug":"zapatilla-de-futbol-predator","status":"publish","type":"product","link":"https:\/\/www.deporteseli.com\/?product=zapatilla-de-futbol-predator","title":{"rendered":"ZAPATILLA DE F\u00faTBOL PREDATOR"},"content":{"rendered":"<p>GANAR ES EL TRATO  La victoria se gesta gol a gol. Esta zapatilla de f\u00fatbol se ha dise\u00f1ado para que siempre llegues a la porter\u00eda rival, y lo m\u00e1s importante: para que nunca falles. Alcanza la perfecci\u00f3n con la nueva adidas Predator. Dise\u00f1ada para j\u00f3venes promesas, presenta una parte superior sint\u00e9tica con una capa de espuma e inserciones Strikeprint en el mediopi\u00e9 que te proporcionan un mayor confort y un control absoluto del bal\u00f3n. La suela de goma estriada te permite estar siempre en la posici\u00f3n \u00f3ptima para superar al guardameta.    Este producto contiene al menos un 20% de materiales reciclados. Utilizando materiales reciclados, reducimos los residuos, nuestra dependencia de los recursos finitos y la huella que generan los productos que fabricamos.  Horma cl\u00e1sica  Cierre de cordones  Parte superior sint\u00e9tica con inserciones Strikeprint para un mayor agarre  Forro textil  Suela de goma para campos de moqueta  Contiene al menos un 20% de material reciclado  Color del art\u00edculo: Core Black \/ Cloud White \/ Solar Red  N\u00famero de art\u00edculo: IG5437                                                                                                                                                                                                                                                                                                                                                                                                                                                                                                                                                                                                                                                                                                                                                                                                                                                                                                                                                                                                                                        <\/p>\n","protected":false},"excerpt":{"rendered":"<p>ZAPATILLA DE F\u00faTBOL PREDATOR<\/p>\n","protected":false},"featured_media":55354,"template":"","meta":[],"product_brand":[],"product_cat":[318],"product_tag":[18],"class_list":{"0":"post-41736","1":"product","2":"type-product","3":"status-publish","4":"has-post-thumbnail","6":"product_cat-deportes_futbol_botas","7":"product_tag-adidas","8":"pa_color-unico","9":"pa_talla-127","10":"pa_talla-129","11":"pa_talla-145","12":"thunk-woo-product-list","13":"opn-qv-enable","14":"open-woo-hover-","15":"open-single-product-tab-horizontal","16":"open-shadow-","17":"open-shadow-hover-","19":"first","20":"instock","21":"sale","22":"shipping-taxable","23":"purchasable","24":"product-type-variable"},"jetpack_sharing_enabled":true,"_links":{"self":[{"href":"https:\/\/www.deporteseli.com\/index.php?rest_route=\/wp\/v2\/product\/41736","targetHints":{"allow":["GET"]}}],"collection":[{"href":"https:\/\/www.deporteseli.com\/index.php?rest_route=\/wp\/v2\/product"}],"about":[{"href":"https:\/\/www.deporteseli.com\/index.php?rest_route=\/wp\/v2\/types\/product"}],"wp:featuredmedia":[{"embeddable":true,"href":"https:\/\/www.deporteseli.com\/index.php?rest_route=\/wp\/v2\/media\/55354"}],"wp:attachment":[{"href":"https:\/\/www.deporteseli.com\/index.php?rest_route=%2Fwp%2Fv2%2Fmedia&parent=41736"}],"wp:term":[{"taxonomy":"product_brand","embeddable":true,"href":"https:\/\/www.deporteseli.com\/index.php?rest_route=%2Fwp%2Fv2%2Fproduct_brand&post=41736"},{"taxonomy":"product_cat","embeddable":true,"href":"https:\/\/www.deporteseli.com\/index.php?rest_route=%2Fwp%2Fv2%2Fproduct_cat&post=41736"},{"taxonomy":"product_tag","embeddable":true,"href":"https:\/\/www.deporteseli.com\/index.php?rest_route=%2Fwp%2Fv2%2Fproduct_tag&post=41736"}],"curies":[{"name":"wp","href":"https:\/\/api.w.org\/{rel}","templated":true}]}}