{"id":41734,"date":"2026-01-27T19:24:20","date_gmt":"2026-01-27T19:24:20","guid":{"rendered":"https:\/\/www.deporteseli.com\/?product=camisa-adidas-im8336"},"modified":"2026-03-07T05:54:29","modified_gmt":"2026-03-07T05:54:29","slug":"camisa-adidas-im8336","status":"publish","type":"product","link":"https:\/\/www.deporteseli.com\/?product=camisa-adidas-im8336","title":{"rendered":"CAMISA ADIDAS IM8336"},"content":{"rendered":"<p>Descripci\u00f3n  Camiseta infantil adidas Table Illustrated Graphic  S\u00e9 atrevido y expresivo con esta camiseta unisex adidas. Su dise\u00f1o de manga corta y corte regular le dan un aspecto y tacto c\u00f3modos, mientras que su estampado gr\u00e1fico de ilustraciones le a\u00f1ade un toque divertido y llamativo. Perfecta para llevar a diario o para a\u00f1adir una capa extra a tu atuendo de entrenamiento.                                                                                                                                                                                                                                                                                                                                                                                                                                                                                                                                                                                                                                                                                                                                                                                                                                                                                                                                                                                                                                        <\/p>\n","protected":false},"excerpt":{"rendered":"<p>CAMISA ADIDAS IM8336<\/p>\n","protected":false},"featured_media":55352,"template":"","meta":[],"product_brand":[],"product_cat":[296],"product_tag":[18],"class_list":{"0":"post-41734","1":"product","2":"type-product","3":"status-publish","4":"has-post-thumbnail","6":"product_cat-nino_textil_camisetas","7":"product_tag-adidas","8":"pa_color-unico","9":"pa_talla-t-16","10":"thunk-woo-product-list","11":"opn-qv-enable","12":"open-woo-hover-","13":"open-single-product-tab-horizontal","14":"open-shadow-","15":"open-shadow-hover-","17":"first","18":"instock","19":"shipping-taxable","20":"purchasable","21":"product-type-variable"},"jetpack_sharing_enabled":true,"_links":{"self":[{"href":"https:\/\/www.deporteseli.com\/index.php?rest_route=\/wp\/v2\/product\/41734","targetHints":{"allow":["GET"]}}],"collection":[{"href":"https:\/\/www.deporteseli.com\/index.php?rest_route=\/wp\/v2\/product"}],"about":[{"href":"https:\/\/www.deporteseli.com\/index.php?rest_route=\/wp\/v2\/types\/product"}],"wp:featuredmedia":[{"embeddable":true,"href":"https:\/\/www.deporteseli.com\/index.php?rest_route=\/wp\/v2\/media\/55352"}],"wp:attachment":[{"href":"https:\/\/www.deporteseli.com\/index.php?rest_route=%2Fwp%2Fv2%2Fmedia&parent=41734"}],"wp:term":[{"taxonomy":"product_brand","embeddable":true,"href":"https:\/\/www.deporteseli.com\/index.php?rest_route=%2Fwp%2Fv2%2Fproduct_brand&post=41734"},{"taxonomy":"product_cat","embeddable":true,"href":"https:\/\/www.deporteseli.com\/index.php?rest_route=%2Fwp%2Fv2%2Fproduct_cat&post=41734"},{"taxonomy":"product_tag","embeddable":true,"href":"https:\/\/www.deporteseli.com\/index.php?rest_route=%2Fwp%2Fv2%2Fproduct_tag&post=41734"}],"curies":[{"name":"wp","href":"https:\/\/api.w.org\/{rel}","templated":true}]}}