{"id":41731,"date":"2026-01-27T19:24:16","date_gmt":"2026-01-27T19:24:16","guid":{"rendered":"https:\/\/www.deporteseli.com\/?product=bota-de-futbol-predator-24-league-low-multisu"},"modified":"2026-01-27T19:24:19","modified_gmt":"2026-01-27T19:24:19","slug":"bota-de-futbol-predator-24-league-low-multisu","status":"publish","type":"product","link":"https:\/\/www.deporteseli.com\/?product=bota-de-futbol-predator-24-league-low-multisu","title":{"rendered":"BOTA DE F\u00faTBOL PREDATOR 24 LEAGUE LOW MULTISU"},"content":{"rendered":"<p>GANAR ES EL TRATO  La victoria se gesta gol a gol. Esta bota de f\u00fatbol se ha dise\u00f1ado para que siempre llegues a la porter\u00eda rival, y lo m\u00e1s importante: para que nunca falles. Alcanza la perfecci\u00f3n con la nueva adidas Predator. Esta versi\u00f3n para j\u00f3venes promesas presenta una parte superior de piel sint\u00e9tica texturizada que te ofrece una gran comodidad mientras te lanzas imparable hacia el \u00e1rea contraria. La suela vers\u00e1til te garantiza una estabilidad excepcional en todo tipo de superficies.    Este producto contiene al menos un 20% de materiales reciclados. Utilizando materiales reciclados, reducimos los residuos, nuestra dependencia de los recursos finitos y la huella que generan los productos que fabricamos.  Horma cl\u00e1sica  Cierre de cordones  Parte superior de piel sint\u00e9tica texturizada  Forro textil  Suela multisuperficie  Contiene al menos un 20% de material reciclado  Color del art\u00edculo: Core Black \/ Cloud White \/ Solar Red  N\u00famero de art\u00edculo: IG5440                                                                                                                                                                                                                                                                                                                                                                                                                                                                                                                                                                                                                                                                                                                                                                                                                                                                                                                                                                                                                                        <\/p>\n","protected":false},"excerpt":{"rendered":"<p>BOTA DE F\u00faTBOL PREDATOR 24 LEAGUE LOW MULTISU<\/p>\n","protected":false},"featured_media":55348,"template":"","meta":[],"product_brand":[],"product_cat":[318],"product_tag":[18],"class_list":{"0":"post-41731","1":"product","2":"type-product","3":"status-publish","4":"has-post-thumbnail","6":"product_cat-deportes_futbol_botas","7":"product_tag-adidas","8":"pa_color-unico","9":"pa_talla-129","10":"pa_talla-137","11":"thunk-woo-product-list","12":"opn-qv-enable","13":"open-woo-hover-","14":"open-single-product-tab-horizontal","15":"open-shadow-","16":"open-shadow-hover-","18":"first","19":"instock","20":"sale","21":"shipping-taxable","22":"purchasable","23":"product-type-variable"},"jetpack_sharing_enabled":true,"_links":{"self":[{"href":"https:\/\/www.deporteseli.com\/index.php?rest_route=\/wp\/v2\/product\/41731","targetHints":{"allow":["GET"]}}],"collection":[{"href":"https:\/\/www.deporteseli.com\/index.php?rest_route=\/wp\/v2\/product"}],"about":[{"href":"https:\/\/www.deporteseli.com\/index.php?rest_route=\/wp\/v2\/types\/product"}],"wp:featuredmedia":[{"embeddable":true,"href":"https:\/\/www.deporteseli.com\/index.php?rest_route=\/wp\/v2\/media\/55348"}],"wp:attachment":[{"href":"https:\/\/www.deporteseli.com\/index.php?rest_route=%2Fwp%2Fv2%2Fmedia&parent=41731"}],"wp:term":[{"taxonomy":"product_brand","embeddable":true,"href":"https:\/\/www.deporteseli.com\/index.php?rest_route=%2Fwp%2Fv2%2Fproduct_brand&post=41731"},{"taxonomy":"product_cat","embeddable":true,"href":"https:\/\/www.deporteseli.com\/index.php?rest_route=%2Fwp%2Fv2%2Fproduct_cat&post=41731"},{"taxonomy":"product_tag","embeddable":true,"href":"https:\/\/www.deporteseli.com\/index.php?rest_route=%2Fwp%2Fv2%2Fproduct_tag&post=41731"}],"curies":[{"name":"wp","href":"https:\/\/api.w.org\/{rel}","templated":true}]}}