{"id":41715,"date":"2026-01-27T19:23:56","date_gmt":"2026-01-27T19:23:56","guid":{"rendered":"https:\/\/www.deporteseli.com\/?product=banador-boxer-colorblock-3-bandas"},"modified":"2026-01-27T19:23:58","modified_gmt":"2026-01-27T19:23:58","slug":"banador-boxer-colorblock-3-bandas","status":"publish","type":"product","link":"https:\/\/www.deporteseli.com\/?product=banador-boxer-colorblock-3-bandas","title":{"rendered":"BA\u00f1ADOR B\u00f3XER COLORBLOCK 3 BANDAS"},"content":{"rendered":"<p>ESTILO Y RENDIMIENTO EN EL AGUA  S\u00fabete a la tabla de paddle surf o acude a la piscina a entrenar. Este ba\u00f1ador tipo b\u00f3xer de adidas se ha confeccionado en un suave tejido resistente al cloro que te permite moverte en el agua con total libertad. Los bloques de color y las 3 bandas le confieren un toque deportivo.    Este producto se ha fabricado con diferentes materiales t\u00e9cnicos y contiene al menos un 70% de material reciclado. Su objetivo es plantear otra soluci\u00f3n m\u00e1s que ayude a eliminar los residuos pl\u00e1sticos.                                                                                                                                                                                                                                                                                                                                                                                                                                                                                                                                                                                                                                                                                                                                                                                                                                                                                                                                                                                                                                        <\/p>\n","protected":false},"excerpt":{"rendered":"<p>BA\u00f1ADOR B\u00f3XER COLORBLOCK 3 BANDAS<\/p>\n","protected":false},"featured_media":55332,"template":"","meta":[],"product_brand":[],"product_cat":[246],"product_tag":[18],"class_list":{"0":"post-41715","1":"product","2":"type-product","3":"status-publish","4":"has-post-thumbnail","6":"product_cat-hombre_textil_banadores","7":"product_tag-adidas","8":"pa_color-unico","9":"pa_talla-m","10":"thunk-woo-product-list","11":"opn-qv-enable","12":"open-woo-hover-","13":"open-single-product-tab-horizontal","14":"open-shadow-","15":"open-shadow-hover-","17":"first","18":"instock","19":"shipping-taxable","20":"purchasable","21":"product-type-variable"},"jetpack_sharing_enabled":true,"_links":{"self":[{"href":"https:\/\/www.deporteseli.com\/index.php?rest_route=\/wp\/v2\/product\/41715","targetHints":{"allow":["GET"]}}],"collection":[{"href":"https:\/\/www.deporteseli.com\/index.php?rest_route=\/wp\/v2\/product"}],"about":[{"href":"https:\/\/www.deporteseli.com\/index.php?rest_route=\/wp\/v2\/types\/product"}],"wp:featuredmedia":[{"embeddable":true,"href":"https:\/\/www.deporteseli.com\/index.php?rest_route=\/wp\/v2\/media\/55332"}],"wp:attachment":[{"href":"https:\/\/www.deporteseli.com\/index.php?rest_route=%2Fwp%2Fv2%2Fmedia&parent=41715"}],"wp:term":[{"taxonomy":"product_brand","embeddable":true,"href":"https:\/\/www.deporteseli.com\/index.php?rest_route=%2Fwp%2Fv2%2Fproduct_brand&post=41715"},{"taxonomy":"product_cat","embeddable":true,"href":"https:\/\/www.deporteseli.com\/index.php?rest_route=%2Fwp%2Fv2%2Fproduct_cat&post=41715"},{"taxonomy":"product_tag","embeddable":true,"href":"https:\/\/www.deporteseli.com\/index.php?rest_route=%2Fwp%2Fv2%2Fproduct_tag&post=41715"}],"curies":[{"name":"wp","href":"https:\/\/api.w.org\/{rel}","templated":true}]}}