{"id":41713,"date":"2026-01-27T19:23:53","date_gmt":"2026-01-27T19:23:53","guid":{"rendered":"https:\/\/www.deporteseli.com\/?product=tenis-adidas-if7285"},"modified":"2026-01-27T19:23:55","modified_gmt":"2026-01-27T19:23:55","slug":"tenis-adidas-if7285","status":"publish","type":"product","link":"https:\/\/www.deporteseli.com\/?product=tenis-adidas-if7285","title":{"rendered":"TENIS ADIDAS IF7285"},"content":{"rendered":"<p>ZAPATILLAS CON AMORTIGUACI\u00d3N FABRICADAS EN PARTE CON MATERIALES RECICLADOS.  El dise\u00f1o moderno se combina con la comodidad cl\u00e1sica y se integra con su nuevo imprescindible. Inspirado en el calzado de alto rendimiento, este par de adidas llega hasta el final con una comodidad de primer nivel. La entresuela Bounce energiza cada paso con una amortiguaci\u00f3n suave, ya sea que est\u00e9s paseando al perro o haciendo recados todo el d\u00eda. La suela exterior de goma con agarre te brinda tracci\u00f3n en cualquier superficie. Fabricada con una serie de materiales reciclados, esta parte superior presenta al menos un 50 % de contenido reciclado. Este producto representa solo una de nuestras soluciones para ayudar a acabar con los residuos pl\u00e1sticos.  Ajuste regular  Cierre de encaje  Parte superior sint\u00e9tica suave  Entresuela de rebote  Forro textil  Suela de goma  La parte superior contiene un m\u00ednimo de 50 % de contenido reciclado.                                                                                                                                                                                                                                                                                                                                                                                                                                                                                                                                                                                                                                                                                                                                                                                                                                                                                                                                                                                                                                        <\/p>\n","protected":false},"excerpt":{"rendered":"<p>TENIS ADIDAS IF7285<\/p>\n","protected":false},"featured_media":55328,"template":"","meta":[],"product_brand":[],"product_cat":[285],"product_tag":[18],"class_list":{"0":"post-41713","1":"product","2":"type-product","3":"status-publish","4":"has-post-thumbnail","6":"product_cat-mujer_calzado_running","7":"product_tag-adidas","8":"pa_color-unico","9":"pa_talla-39-5","10":"thunk-woo-product-list","11":"opn-qv-enable","12":"open-woo-hover-","13":"open-single-product-tab-horizontal","14":"open-shadow-","15":"open-shadow-hover-","17":"first","18":"instock","19":"sale","20":"shipping-taxable","21":"purchasable","22":"product-type-variable"},"jetpack_sharing_enabled":true,"_links":{"self":[{"href":"https:\/\/www.deporteseli.com\/index.php?rest_route=\/wp\/v2\/product\/41713","targetHints":{"allow":["GET"]}}],"collection":[{"href":"https:\/\/www.deporteseli.com\/index.php?rest_route=\/wp\/v2\/product"}],"about":[{"href":"https:\/\/www.deporteseli.com\/index.php?rest_route=\/wp\/v2\/types\/product"}],"wp:featuredmedia":[{"embeddable":true,"href":"https:\/\/www.deporteseli.com\/index.php?rest_route=\/wp\/v2\/media\/55328"}],"wp:attachment":[{"href":"https:\/\/www.deporteseli.com\/index.php?rest_route=%2Fwp%2Fv2%2Fmedia&parent=41713"}],"wp:term":[{"taxonomy":"product_brand","embeddable":true,"href":"https:\/\/www.deporteseli.com\/index.php?rest_route=%2Fwp%2Fv2%2Fproduct_brand&post=41713"},{"taxonomy":"product_cat","embeddable":true,"href":"https:\/\/www.deporteseli.com\/index.php?rest_route=%2Fwp%2Fv2%2Fproduct_cat&post=41713"},{"taxonomy":"product_tag","embeddable":true,"href":"https:\/\/www.deporteseli.com\/index.php?rest_route=%2Fwp%2Fv2%2Fproduct_tag&post=41713"}],"curies":[{"name":"wp","href":"https:\/\/api.w.org\/{rel}","templated":true}]}}