{"id":41705,"date":"2026-01-27T19:23:43","date_gmt":"2026-01-27T19:23:43","guid":{"rendered":"https:\/\/www.deporteseli.com\/?product=zapatillas-adidas-bravada-2-0-plataforma"},"modified":"2026-01-27T19:23:46","modified_gmt":"2026-01-27T19:23:46","slug":"zapatillas-adidas-bravada-2-0-plataforma","status":"publish","type":"product","link":"https:\/\/www.deporteseli.com\/?product=zapatillas-adidas-bravada-2-0-plataforma","title":{"rendered":"ZAPATILLAS ADIDAS BRAVADA 2.0 PLATAFORMA"},"content":{"rendered":"<p>Descripci\u00f3n  Zapatillas de deporte para mujer adidas Bravada 2.0 Platform  Una zapatilla de lona es atemporal, y este dise\u00f1o adidas le saca el m\u00e1ximo partido. La suela de cu\u00f1a gruesa a\u00f1ade un toque original de estilo, sin renunciar a la comodidad. Es f\u00e1cil de llevar y cuenta con amortiguaci\u00f3n Cloudfoam para mayor comodidad.engage Su suela exterior de goma garantiza un agarre \u00f3ptimo a la vez que te proporciona un estilo fresco y desenfadado look. adidas se ha asociado con Better Cotton para mejorar las condiciones de producci\u00f3n del algod\u00f3n en todo el mundo. Better Cotton pretende que la producci\u00f3n mundial de algod\u00f3n sea mejor para los trabajadores, el medio ambiente y el futuro de la industria. Better Cotton utiliza un m\u00e9todo de trazabilidad denominado  Balance de Masas . Esto significa que el algod\u00f3n Better Cotton no es f\u00edsicamente trazable en los productos de finis. Sin embargo, los productores de Better Cotton se benefician de un volumen de demanda de Better Cotton equivalente al que requerimos    Zapato est\u00e1ndar.  Cierre de cordones.  Exterior de lona.  Plantilla Cloudfoam.  Forro textil.                                                                                                                                                                                                                                                                                                                                                                                                                                                                                                                                                                                                                                                                                                                                                                                                                                                                                                                                                                                                                                        <\/p>\n","protected":false},"excerpt":{"rendered":"<p>ZAPATILLAS ADIDAS BRAVADA 2.0 PLATAFORMA<\/p>\n","protected":false},"featured_media":55321,"template":"","meta":[],"product_brand":[],"product_cat":[287],"product_tag":[18],"class_list":{"0":"post-41705","1":"product","2":"type-product","3":"status-publish","4":"has-post-thumbnail","6":"product_cat-mujer_calzado_casual","7":"product_tag-adidas","8":"pa_color-unico","9":"pa_talla-37-5","10":"pa_talla-39-5","11":"thunk-woo-product-list","12":"opn-qv-enable","13":"open-woo-hover-","14":"open-single-product-tab-horizontal","15":"open-shadow-","16":"open-shadow-hover-","18":"first","19":"instock","20":"sale","21":"shipping-taxable","22":"purchasable","23":"product-type-variable"},"jetpack_sharing_enabled":true,"_links":{"self":[{"href":"https:\/\/www.deporteseli.com\/index.php?rest_route=\/wp\/v2\/product\/41705","targetHints":{"allow":["GET"]}}],"collection":[{"href":"https:\/\/www.deporteseli.com\/index.php?rest_route=\/wp\/v2\/product"}],"about":[{"href":"https:\/\/www.deporteseli.com\/index.php?rest_route=\/wp\/v2\/types\/product"}],"wp:featuredmedia":[{"embeddable":true,"href":"https:\/\/www.deporteseli.com\/index.php?rest_route=\/wp\/v2\/media\/55321"}],"wp:attachment":[{"href":"https:\/\/www.deporteseli.com\/index.php?rest_route=%2Fwp%2Fv2%2Fmedia&parent=41705"}],"wp:term":[{"taxonomy":"product_brand","embeddable":true,"href":"https:\/\/www.deporteseli.com\/index.php?rest_route=%2Fwp%2Fv2%2Fproduct_brand&post=41705"},{"taxonomy":"product_cat","embeddable":true,"href":"https:\/\/www.deporteseli.com\/index.php?rest_route=%2Fwp%2Fv2%2Fproduct_cat&post=41705"},{"taxonomy":"product_tag","embeddable":true,"href":"https:\/\/www.deporteseli.com\/index.php?rest_route=%2Fwp%2Fv2%2Fproduct_tag&post=41705"}],"curies":[{"name":"wp","href":"https:\/\/api.w.org\/{rel}","templated":true}]}}