{"id":41683,"date":"2026-01-27T19:23:11","date_gmt":"2026-01-27T19:23:11","guid":{"rendered":"https:\/\/www.deporteseli.com\/?product=malla-nike-pro-fn4984"},"modified":"2026-03-07T05:54:14","modified_gmt":"2026-03-07T05:54:14","slug":"malla-nike-pro-fn4984","status":"publish","type":"product","link":"https:\/\/www.deporteseli.com\/?product=malla-nike-pro-fn4984","title":{"rendered":"MALLA NIKE PRO FN4984"},"content":{"rendered":"<p>Legging Nike Pro Negro, Mujer    Este producto est\u00e1 fabricado con al menos un 50% de fibra de poli\u00e9ster reciclada.    Detalles del producto:    Los leggings Nike Pro est\u00e1n confeccionados en un tejido antitranspirante con malla en la zona de la pantorrilla para mantenerte seca y fresca.  El tejido suave y el\u00e1stico se mueve contigo durante los sprints, las estocadas y los estiramientos.                                                                                                                                                                                                                                                                                                                                                                                                                                                                                                                                                                                                                                                                                                                                                                                                                                                                                                                                                                                                                                        <\/p>\n","protected":false},"excerpt":{"rendered":"<p>MALLA NIKE PRO FN4984<\/p>\n","protected":false},"featured_media":55308,"template":"","meta":[],"product_brand":[],"product_cat":[281],"product_tag":[37],"class_list":{"0":"post-41683","1":"product","2":"type-product","3":"status-publish","4":"has-post-thumbnail","6":"product_cat-mujer_textil_mallas","7":"product_tag-nike","8":"pa_color-unico","9":"pa_talla-xs","10":"thunk-woo-product-list","11":"opn-qv-enable","12":"open-woo-hover-","13":"open-single-product-tab-horizontal","14":"open-shadow-","15":"open-shadow-hover-","17":"first","18":"instock","19":"shipping-taxable","20":"purchasable","21":"product-type-variable"},"jetpack_sharing_enabled":true,"_links":{"self":[{"href":"https:\/\/www.deporteseli.com\/index.php?rest_route=\/wp\/v2\/product\/41683","targetHints":{"allow":["GET"]}}],"collection":[{"href":"https:\/\/www.deporteseli.com\/index.php?rest_route=\/wp\/v2\/product"}],"about":[{"href":"https:\/\/www.deporteseli.com\/index.php?rest_route=\/wp\/v2\/types\/product"}],"wp:featuredmedia":[{"embeddable":true,"href":"https:\/\/www.deporteseli.com\/index.php?rest_route=\/wp\/v2\/media\/55308"}],"wp:attachment":[{"href":"https:\/\/www.deporteseli.com\/index.php?rest_route=%2Fwp%2Fv2%2Fmedia&parent=41683"}],"wp:term":[{"taxonomy":"product_brand","embeddable":true,"href":"https:\/\/www.deporteseli.com\/index.php?rest_route=%2Fwp%2Fv2%2Fproduct_brand&post=41683"},{"taxonomy":"product_cat","embeddable":true,"href":"https:\/\/www.deporteseli.com\/index.php?rest_route=%2Fwp%2Fv2%2Fproduct_cat&post=41683"},{"taxonomy":"product_tag","embeddable":true,"href":"https:\/\/www.deporteseli.com\/index.php?rest_route=%2Fwp%2Fv2%2Fproduct_tag&post=41683"}],"curies":[{"name":"wp","href":"https:\/\/api.w.org\/{rel}","templated":true}]}}