{"id":41680,"date":"2026-01-27T19:23:06","date_gmt":"2026-01-27T19:23:06","guid":{"rendered":"https:\/\/www.deporteseli.com\/?product=nike-phantom-gx-ii-academy-fg-mg"},"modified":"2026-01-27T19:23:10","modified_gmt":"2026-01-27T19:23:10","slug":"nike-phantom-gx-ii-academy-fg-mg","status":"publish","type":"product","link":"https:\/\/www.deporteseli.com\/?product=nike-phantom-gx-ii-academy-fg-mg","title":{"rendered":"NIKE PHANTOM GX II ACADEMY FG\/MG"},"content":{"rendered":"<p>Dise\u00f1o y Comodidad  El Nike Phantom Gx II Academy fg\/mg Fd6723-100 cuenta con un dise\u00f1o elegante y moderno. Su construcci\u00f3n ligera y su ajuste seguro proporcionan una comodidad inigualable durante todo el juego.  Rendimiento y Durabilidad  Este calzado est\u00e1 dise\u00f1ado para ofrecer un rendimiento superior en el campo. Su durabilidad garantiza que puedas disfrutar de su excelente rendimiento durante mucho tiempo.  Caracter\u00edsticas T\u00e9cnicas  Este calzado deportivo viene con una serie de caracter\u00edsticas t\u00e9cnicas que lo hacen destacar:  Referencia: Fd6723-100  Marca: Nike  Modelo: Phantom Gx II Academy fg\/mg  Color: Blanco  Talla: Variada  Material exterior: Sint\u00e9tico  Material interior: Tela  Suela: Goma  Cierre: Cordones  Forma del tac\u00f3n: Plano  Composici\u00f3n: Sint\u00e9tico  Estilo: Deportivo  Temporada: Todas las estaciones  Uso: F\u00fatbol  Terreno: C\u00e9sped natural y artificial  Perfil: Jugadores de todas las posiciones  Beneficios: Comodidad y rendimiento  Caracter\u00edsticas: Ligero y duradero  Detalles: Logo de Nike visible  Extras: Ajuste seguro                                                                                                                                                                                                                                                                                                                                                                                                                                                                                                                                                                                                                                                                                                                                                                                                                                                                                                                                                                                                                                        <\/p>\n","protected":false},"excerpt":{"rendered":"<p>NIKE PHANTOM GX II ACADEMY FG\/MG<\/p>\n","protected":false},"featured_media":55304,"template":"","meta":[],"product_brand":[],"product_cat":[318],"product_tag":[37],"class_list":{"0":"post-41680","1":"product","2":"type-product","3":"status-publish","4":"has-post-thumbnail","6":"product_cat-deportes_futbol_botas","7":"product_tag-nike","8":"pa_color-unico","9":"pa_talla-153","10":"pa_talla-155","11":"thunk-woo-product-list","12":"opn-qv-enable","13":"open-woo-hover-","14":"open-single-product-tab-horizontal","15":"open-shadow-","16":"open-shadow-hover-","18":"first","19":"instock","20":"sale","21":"shipping-taxable","22":"purchasable","23":"product-type-variable"},"jetpack_sharing_enabled":true,"_links":{"self":[{"href":"https:\/\/www.deporteseli.com\/index.php?rest_route=\/wp\/v2\/product\/41680","targetHints":{"allow":["GET"]}}],"collection":[{"href":"https:\/\/www.deporteseli.com\/index.php?rest_route=\/wp\/v2\/product"}],"about":[{"href":"https:\/\/www.deporteseli.com\/index.php?rest_route=\/wp\/v2\/types\/product"}],"wp:featuredmedia":[{"embeddable":true,"href":"https:\/\/www.deporteseli.com\/index.php?rest_route=\/wp\/v2\/media\/55304"}],"wp:attachment":[{"href":"https:\/\/www.deporteseli.com\/index.php?rest_route=%2Fwp%2Fv2%2Fmedia&parent=41680"}],"wp:term":[{"taxonomy":"product_brand","embeddable":true,"href":"https:\/\/www.deporteseli.com\/index.php?rest_route=%2Fwp%2Fv2%2Fproduct_brand&post=41680"},{"taxonomy":"product_cat","embeddable":true,"href":"https:\/\/www.deporteseli.com\/index.php?rest_route=%2Fwp%2Fv2%2Fproduct_cat&post=41680"},{"taxonomy":"product_tag","embeddable":true,"href":"https:\/\/www.deporteseli.com\/index.php?rest_route=%2Fwp%2Fv2%2Fproduct_tag&post=41680"}],"curies":[{"name":"wp","href":"https:\/\/api.w.org\/{rel}","templated":true}]}}