{"id":41676,"date":"2026-01-27T19:22:57","date_gmt":"2026-01-27T19:22:57","guid":{"rendered":"https:\/\/www.deporteseli.com\/?product=tenis-nike-fb2208"},"modified":"2026-03-06T05:18:22","modified_gmt":"2026-03-06T05:18:22","slug":"tenis-nike-fb2208","status":"publish","type":"product","link":"https:\/\/www.deporteseli.com\/?product=tenis-nike-fb2208","title":{"rendered":"TENIS NIKE FB2208"},"content":{"rendered":"<p>Las Revolution 7 cuentan con una amortiguaci\u00f3n suave y una sujeci\u00f3n que podr\u00edan cambiar tu sesiones de running. Son m\u00e1s elegantes que nunca, muy c\u00f3modas cuando la goma golpea el asfalto y con gran rendimiento para alcanzar el ritmo que buscas, adem\u00e1s de una pisada suave. Son la versi\u00f3n evolucionada de un modelo muy popular entre la comunidad                                                                                                                                                                                                                                                                                                                                                                                                                                                                                                                                                                                                                                                                                                                                                                                                                                                                                                                                                                                                                                        <\/p>\n","protected":false},"excerpt":{"rendered":"<p>TENIS NIKE FB2208<\/p>\n","protected":false},"featured_media":55300,"template":"","meta":[],"product_brand":[],"product_cat":[259],"product_tag":[37],"class_list":{"0":"post-41676","1":"product","2":"type-product","3":"status-publish","4":"has-post-thumbnail","6":"product_cat-hombre_calzado_running","7":"product_tag-nike","8":"pa_color-unico","9":"pa_talla-141","10":"pa_talla-37-5","11":"pa_talla-145","12":"thunk-woo-product-list","13":"opn-qv-enable","14":"open-woo-hover-","15":"open-single-product-tab-horizontal","16":"open-shadow-","17":"open-shadow-hover-","19":"first","20":"instock","21":"sale","22":"shipping-taxable","23":"purchasable","24":"product-type-variable"},"jetpack_sharing_enabled":true,"_links":{"self":[{"href":"https:\/\/www.deporteseli.com\/index.php?rest_route=\/wp\/v2\/product\/41676","targetHints":{"allow":["GET"]}}],"collection":[{"href":"https:\/\/www.deporteseli.com\/index.php?rest_route=\/wp\/v2\/product"}],"about":[{"href":"https:\/\/www.deporteseli.com\/index.php?rest_route=\/wp\/v2\/types\/product"}],"wp:featuredmedia":[{"embeddable":true,"href":"https:\/\/www.deporteseli.com\/index.php?rest_route=\/wp\/v2\/media\/55300"}],"wp:attachment":[{"href":"https:\/\/www.deporteseli.com\/index.php?rest_route=%2Fwp%2Fv2%2Fmedia&parent=41676"}],"wp:term":[{"taxonomy":"product_brand","embeddable":true,"href":"https:\/\/www.deporteseli.com\/index.php?rest_route=%2Fwp%2Fv2%2Fproduct_brand&post=41676"},{"taxonomy":"product_cat","embeddable":true,"href":"https:\/\/www.deporteseli.com\/index.php?rest_route=%2Fwp%2Fv2%2Fproduct_cat&post=41676"},{"taxonomy":"product_tag","embeddable":true,"href":"https:\/\/www.deporteseli.com\/index.php?rest_route=%2Fwp%2Fv2%2Fproduct_tag&post=41676"}],"curies":[{"name":"wp","href":"https:\/\/api.w.org\/{rel}","templated":true}]}}