{"id":41674,"date":"2026-01-27T19:22:51","date_gmt":"2026-01-27T19:22:51","guid":{"rendered":"https:\/\/www.deporteseli.com\/?product=camiseta-nike-sportswear-club"},"modified":"2026-03-07T05:54:13","modified_gmt":"2026-03-07T05:54:13","slug":"camiseta-nike-sportswear-club","status":"publish","type":"product","link":"https:\/\/www.deporteseli.com\/?product=camiseta-nike-sportswear-club","title":{"rendered":"CAMISETA NIKE SPORTSWEAR CLUB"},"content":{"rendered":"<p>Esta camiseta Nike Sportswear Club es perfecta para tus sesiones de entrenamiento o durante tus partidos. Su tejido de poli\u00e9ster te dar\u00e1 una \u00f3ptima sensaci\u00f3n de ligereza en la pista y adem\u00e1s te permitir\u00e1 estar c\u00f3modo en cualquier circunstancia y con libertad de movimientos.    El dise\u00f1o es elegante y chic, con un color liso y el logotipo de Nike a la izquierda.   Elige esta camiseta Nike y ll\u00e9vala a todas partes para lucir un look elegante en las pistas!                                                                                                                                                                                                                                                                                                                                                                                                                                                                                                                                                                                                                                                                                                                                                                                                                                                                                                                                                                                                                                        <\/p>\n","protected":false},"excerpt":{"rendered":"<p>CAMISETA NIKE SPORTSWEAR CLUB<\/p>\n","protected":false},"featured_media":55298,"template":"","meta":[],"product_brand":[],"product_cat":[245],"product_tag":[37],"class_list":{"0":"post-41674","1":"product","2":"type-product","3":"status-publish","4":"has-post-thumbnail","6":"product_cat-hombre_textil_camisetas","7":"product_tag-nike","8":"pa_color-unico","9":"pa_talla-xl","10":"thunk-woo-product-list","11":"opn-qv-enable","12":"open-woo-hover-","13":"open-single-product-tab-horizontal","14":"open-shadow-","15":"open-shadow-hover-","17":"first","18":"instock","19":"shipping-taxable","20":"purchasable","21":"product-type-variable"},"jetpack_sharing_enabled":true,"_links":{"self":[{"href":"https:\/\/www.deporteseli.com\/index.php?rest_route=\/wp\/v2\/product\/41674","targetHints":{"allow":["GET"]}}],"collection":[{"href":"https:\/\/www.deporteseli.com\/index.php?rest_route=\/wp\/v2\/product"}],"about":[{"href":"https:\/\/www.deporteseli.com\/index.php?rest_route=\/wp\/v2\/types\/product"}],"wp:featuredmedia":[{"embeddable":true,"href":"https:\/\/www.deporteseli.com\/index.php?rest_route=\/wp\/v2\/media\/55298"}],"wp:attachment":[{"href":"https:\/\/www.deporteseli.com\/index.php?rest_route=%2Fwp%2Fv2%2Fmedia&parent=41674"}],"wp:term":[{"taxonomy":"product_brand","embeddable":true,"href":"https:\/\/www.deporteseli.com\/index.php?rest_route=%2Fwp%2Fv2%2Fproduct_brand&post=41674"},{"taxonomy":"product_cat","embeddable":true,"href":"https:\/\/www.deporteseli.com\/index.php?rest_route=%2Fwp%2Fv2%2Fproduct_cat&post=41674"},{"taxonomy":"product_tag","embeddable":true,"href":"https:\/\/www.deporteseli.com\/index.php?rest_route=%2Fwp%2Fv2%2Fproduct_tag&post=41674"}],"curies":[{"name":"wp","href":"https:\/\/api.w.org\/{rel}","templated":true}]}}