{"id":41672,"date":"2026-01-27T19:22:47","date_gmt":"2026-01-27T19:22:47","guid":{"rendered":"https:\/\/www.deporteseli.com\/?product=camisa-nike-ar5004-2"},"modified":"2026-03-07T05:54:10","modified_gmt":"2026-03-07T05:54:10","slug":"camisa-nike-ar5004-2","status":"publish","type":"product","link":"https:\/\/www.deporteseli.com\/?product=camisa-nike-ar5004-2","title":{"rendered":"CAMISA NIKE AR5004"},"content":{"rendered":"<p>COMODIDAD A BASE DE ALGOD\u00d3N CL\u00c1SICO.      La camiseta Nike Sportswear incorpora un suave tejido de punto de algod\u00f3n y un logotipo cl\u00e1sico en el pecho.      Ventajas    Tejido suave para una mayor comodidad sobre la piel.  Logotipo enmarcado en el pecho para mostrar tu pasi\u00f3n por el deporte.  Cuello redondo el\u00e1stico, duradero y c\u00f3modo.    Detalles del producto    Ajuste est\u00e1ndar para una sensaci\u00f3n c\u00f3moda  100 % algod\u00f3n                                                                                                                                                                                                                                                                                                                                                                                                                                                                                                                                                                                                                                                                                                                                                                                                                                                                                                                                                                                                                                        <\/p>\n","protected":false},"excerpt":{"rendered":"<p>CAMISA NIKE AR5004<\/p>\n","protected":false},"featured_media":55296,"template":"","meta":[],"product_brand":[],"product_cat":[245],"product_tag":[37],"class_list":{"0":"post-41672","1":"product","2":"type-product","3":"status-publish","4":"has-post-thumbnail","6":"product_cat-hombre_textil_camisetas","7":"product_tag-nike","8":"pa_color-unico","9":"pa_talla-l","10":"thunk-woo-product-list","11":"opn-qv-enable","12":"open-woo-hover-","13":"open-single-product-tab-horizontal","14":"open-shadow-","15":"open-shadow-hover-","17":"first","18":"instock","19":"shipping-taxable","20":"purchasable","21":"product-type-variable"},"jetpack_sharing_enabled":true,"_links":{"self":[{"href":"https:\/\/www.deporteseli.com\/index.php?rest_route=\/wp\/v2\/product\/41672","targetHints":{"allow":["GET"]}}],"collection":[{"href":"https:\/\/www.deporteseli.com\/index.php?rest_route=\/wp\/v2\/product"}],"about":[{"href":"https:\/\/www.deporteseli.com\/index.php?rest_route=\/wp\/v2\/types\/product"}],"wp:featuredmedia":[{"embeddable":true,"href":"https:\/\/www.deporteseli.com\/index.php?rest_route=\/wp\/v2\/media\/55296"}],"wp:attachment":[{"href":"https:\/\/www.deporteseli.com\/index.php?rest_route=%2Fwp%2Fv2%2Fmedia&parent=41672"}],"wp:term":[{"taxonomy":"product_brand","embeddable":true,"href":"https:\/\/www.deporteseli.com\/index.php?rest_route=%2Fwp%2Fv2%2Fproduct_brand&post=41672"},{"taxonomy":"product_cat","embeddable":true,"href":"https:\/\/www.deporteseli.com\/index.php?rest_route=%2Fwp%2Fv2%2Fproduct_cat&post=41672"},{"taxonomy":"product_tag","embeddable":true,"href":"https:\/\/www.deporteseli.com\/index.php?rest_route=%2Fwp%2Fv2%2Fproduct_tag&post=41672"}],"curies":[{"name":"wp","href":"https:\/\/api.w.org\/{rel}","templated":true}]}}