{"id":41666,"date":"2026-01-27T19:22:39","date_gmt":"2026-01-27T19:22:39","guid":{"rendered":"https:\/\/www.deporteseli.com\/?product=bota-de-futbol-predator-league-2g-3g-cesped-a"},"modified":"2026-02-16T07:49:38","modified_gmt":"2026-02-16T07:49:38","slug":"bota-de-futbol-predator-league-2g-3g-cesped-a","status":"publish","type":"product","link":"https:\/\/www.deporteseli.com\/?product=bota-de-futbol-predator-league-2g-3g-cesped-a","title":{"rendered":"BOTA DE F\u00faTBOL PREDATOR LEAGUE 2G\/3G C\u00e9SPED A"},"content":{"rendered":"<p>GANAR ES EL TRATO  La victoria se gesta gol a gol. Esta bota de f\u00fatbol se ha dise\u00f1ado para que siempre llegues a la porter\u00eda rival, y lo m\u00e1s importante: para que nunca falles. Alcanza la perfecci\u00f3n con la nueva adidas Predator. Presenta una parte superior Hybridfeel con textura en relieve e inserciones Strikescale en el mediopi\u00e9 de gran agarre, permiti\u00e9ndote ejecutar disparos con una precisi\u00f3n extraordinaria. En la base, la suela espec\u00edfica para c\u00e9sped artificial te proporciona una tracci\u00f3n excepcional en campos de segunda y tercera generaci\u00f3n.    Este producto contiene al menos un 20% de materiales reciclados. Utilizando materiales reciclados, reducimos los residuos, nuestra dependencia de los recursos finitos y la huella que generan los productos que fabricamos.  Horma cl\u00e1sica  Cierre de cordones  Parte superior sint\u00e9tica con textura en relieve Hybridfeel  Inserciones Strikescale de gran agarre en la zona de golpeo para un toque m\u00e1s preciso  Suela espec\u00edfica para campos de c\u00e9sped artificial de segunda y tercera generaci\u00f3n  Contiene al menos un 20% de material reciclado  Color del art\u00edculo: Core Black \/ Cloud White \/ Solar Red  N\u00famero de art\u00edculo: IF3210                                                                                                                                                                                                                                                                                                                                                                                                                                                                                                                                                                                                                                                                                                                                                                                                                                                                                                                                                                                                                                        <\/p>\n","protected":false},"excerpt":{"rendered":"<p>BOTA DE F\u00faTBOL PREDATOR LEAGUE 2G\/3G C\u00e9SPED A<\/p>\n","protected":false},"featured_media":55290,"template":"","meta":[],"product_brand":[],"product_cat":[318],"product_tag":[18],"class_list":{"0":"post-41666","1":"product","2":"type-product","3":"status-publish","4":"has-post-thumbnail","6":"product_cat-deportes_futbol_botas","7":"product_tag-adidas","8":"pa_color-unico","9":"pa_talla-153","10":"pa_talla-157","11":"pa_talla-46-5","12":"thunk-woo-product-list","13":"opn-qv-enable","14":"open-woo-hover-","15":"open-single-product-tab-horizontal","16":"open-shadow-","17":"open-shadow-hover-","19":"first","20":"instock","21":"sale","22":"shipping-taxable","23":"purchasable","24":"product-type-variable"},"jetpack_sharing_enabled":true,"_links":{"self":[{"href":"https:\/\/www.deporteseli.com\/index.php?rest_route=\/wp\/v2\/product\/41666","targetHints":{"allow":["GET"]}}],"collection":[{"href":"https:\/\/www.deporteseli.com\/index.php?rest_route=\/wp\/v2\/product"}],"about":[{"href":"https:\/\/www.deporteseli.com\/index.php?rest_route=\/wp\/v2\/types\/product"}],"wp:featuredmedia":[{"embeddable":true,"href":"https:\/\/www.deporteseli.com\/index.php?rest_route=\/wp\/v2\/media\/55290"}],"wp:attachment":[{"href":"https:\/\/www.deporteseli.com\/index.php?rest_route=%2Fwp%2Fv2%2Fmedia&parent=41666"}],"wp:term":[{"taxonomy":"product_brand","embeddable":true,"href":"https:\/\/www.deporteseli.com\/index.php?rest_route=%2Fwp%2Fv2%2Fproduct_brand&post=41666"},{"taxonomy":"product_cat","embeddable":true,"href":"https:\/\/www.deporteseli.com\/index.php?rest_route=%2Fwp%2Fv2%2Fproduct_cat&post=41666"},{"taxonomy":"product_tag","embeddable":true,"href":"https:\/\/www.deporteseli.com\/index.php?rest_route=%2Fwp%2Fv2%2Fproduct_tag&post=41666"}],"curies":[{"name":"wp","href":"https:\/\/api.w.org\/{rel}","templated":true}]}}