{"id":41654,"date":"2026-01-27T19:22:23","date_gmt":"2026-01-27T19:22:23","guid":{"rendered":"https:\/\/www.deporteseli.com\/?product=botas-adidas-ie7525"},"modified":"2026-01-27T19:22:38","modified_gmt":"2026-01-27T19:22:38","slug":"botas-adidas-ie7525","status":"publish","type":"product","link":"https:\/\/www.deporteseli.com\/?product=botas-adidas-ie7525","title":{"rendered":"BOTAS ADIDAS IE7525"},"content":{"rendered":"<p>Las botas de f\u00fatbol adidas Copa Pure 2 Club Tf Negb\u00e1s son perfectas para los jugadores que buscan comodidad y rendimiento en el campo. Con su construcci\u00f3n baja y cordones, proporcionan un ajuste seguro y una mayor movilidad. La suela de goma asegura un excelente agarre en cualquier superficie, brindando estabilidad y tracci\u00f3n en cada movimiento. Estas botas cuentan con un dise\u00f1o sin calcetines, lo que las hace f\u00e1ciles de poner y quitar r\u00e1pidamente. Su parte superior de cuero natural ofrece durabilidad y un toque preciso del bal\u00f3n. Disponibles en un elegante color negro, estas botas adidas son la elecci\u00f3n ideal para los futbolistas que buscan estilo y rendimiento en el terreno de juego.    Caracter\u00edsticas  Construcci\u00f3n baja con cordones  Suela de goma que garantiza el agarre en el campo  El dise\u00f1o de estos zapatos es sin calcetines, lo que permite pon\u00e9rselos y quit\u00e1rselos f\u00e1cil y r\u00e1pidamente  Parte superior cuero natural  Color del producto: Negro                                                                                                                                                                                                                                                                                                                                                                                                                                                                                                                                                                                                                                                                                                                                                                                                                                                                                                                                                                                                                                        <\/p>\n","protected":false},"excerpt":{"rendered":"<p>BOTAS ADIDAS IE7525<\/p>\n","protected":false},"featured_media":55285,"template":"","meta":[],"product_brand":[],"product_cat":[318],"product_tag":[18],"class_list":{"0":"post-41654","1":"product","2":"type-product","3":"status-publish","4":"has-post-thumbnail","6":"product_cat-deportes_futbol_botas","7":"product_tag-adidas","8":"pa_color-unico","9":"pa_talla-39-5","10":"pa_talla-149","11":"pa_talla-40-5","12":"pa_talla-41-5","13":"pa_talla-153","14":"pa_talla-42-5","15":"pa_talla-43-5","16":"pa_talla-157","17":"pa_talla-44-5","18":"pa_talla-45-5","19":"pa_talla-161","20":"thunk-woo-product-list","21":"opn-qv-enable","22":"open-woo-hover-","23":"open-single-product-tab-horizontal","24":"open-shadow-","25":"open-shadow-hover-","27":"first","28":"instock","29":"sale","30":"shipping-taxable","31":"purchasable","32":"product-type-variable"},"jetpack_sharing_enabled":true,"_links":{"self":[{"href":"https:\/\/www.deporteseli.com\/index.php?rest_route=\/wp\/v2\/product\/41654","targetHints":{"allow":["GET"]}}],"collection":[{"href":"https:\/\/www.deporteseli.com\/index.php?rest_route=\/wp\/v2\/product"}],"about":[{"href":"https:\/\/www.deporteseli.com\/index.php?rest_route=\/wp\/v2\/types\/product"}],"wp:featuredmedia":[{"embeddable":true,"href":"https:\/\/www.deporteseli.com\/index.php?rest_route=\/wp\/v2\/media\/55285"}],"wp:attachment":[{"href":"https:\/\/www.deporteseli.com\/index.php?rest_route=%2Fwp%2Fv2%2Fmedia&parent=41654"}],"wp:term":[{"taxonomy":"product_brand","embeddable":true,"href":"https:\/\/www.deporteseli.com\/index.php?rest_route=%2Fwp%2Fv2%2Fproduct_brand&post=41654"},{"taxonomy":"product_cat","embeddable":true,"href":"https:\/\/www.deporteseli.com\/index.php?rest_route=%2Fwp%2Fv2%2Fproduct_cat&post=41654"},{"taxonomy":"product_tag","embeddable":true,"href":"https:\/\/www.deporteseli.com\/index.php?rest_route=%2Fwp%2Fv2%2Fproduct_tag&post=41654"}],"curies":[{"name":"wp","href":"https:\/\/api.w.org\/{rel}","templated":true}]}}