{"id":41648,"date":"2026-01-27T19:22:15","date_gmt":"2026-01-27T19:22:15","guid":{"rendered":"https:\/\/www.deporteseli.com\/?product=gorra-adidas-ii3513"},"modified":"2026-01-27T19:22:16","modified_gmt":"2026-01-27T19:22:16","slug":"gorra-adidas-ii3513","status":"publish","type":"product","link":"https:\/\/www.deporteseli.com\/?product=gorra-adidas-ii3513","title":{"rendered":"GORRA ADIDAS II3513"},"content":{"rendered":"<p>Esta gorra Adidas se ha confeccionado en sarga de algod\u00f3n transpirable que te ofrece la comodidad que buscas en tu d\u00eda a d\u00eda. Ya sea para protegerte del sol o simplemente para lucir un look informal, este accesorio te acompa\u00f1a en todos tus planes. El cierre regulable en la nuca te garantiza un ajuste a medida y la visera curvada te ofrece un estilo impecable desde el primer momento. Colaboramos con Better Cotton para favorecer el cultivo del algod\u00f3n org\u00e1nico a nivel mundial.     Sarga 100% algod\u00f3n  Visera curvada  Cierre ajustable en la nuca  Producto creado en colaboraci\u00f3n con Better Cotton  Color del art\u00edculo: Black \/ White                                                                                                                                                                                                                                                                                                                                                                                                                                                                                                                                                                                                                                                                                                                                                                                                                                                                                                                                                                                                                                        <\/p>\n","protected":false},"excerpt":{"rendered":"<p>GORRA ADIDAS II3513<\/p>\n","protected":false},"featured_media":55280,"template":"","meta":[],"product_brand":[],"product_cat":[399],"product_tag":[18],"class_list":{"0":"post-41648","1":"product","2":"type-product","3":"status-publish","4":"has-post-thumbnail","6":"product_cat-accesorios_gorras","7":"product_tag-adidas","8":"pa_color-unico","9":"pa_talla-t-14","10":"thunk-woo-product-list","11":"opn-qv-enable","12":"open-woo-hover-","13":"open-single-product-tab-horizontal","14":"open-shadow-","15":"open-shadow-hover-","17":"first","18":"instock","19":"shipping-taxable","20":"purchasable","21":"product-type-variable"},"jetpack_sharing_enabled":true,"_links":{"self":[{"href":"https:\/\/www.deporteseli.com\/index.php?rest_route=\/wp\/v2\/product\/41648","targetHints":{"allow":["GET"]}}],"collection":[{"href":"https:\/\/www.deporteseli.com\/index.php?rest_route=\/wp\/v2\/product"}],"about":[{"href":"https:\/\/www.deporteseli.com\/index.php?rest_route=\/wp\/v2\/types\/product"}],"wp:featuredmedia":[{"embeddable":true,"href":"https:\/\/www.deporteseli.com\/index.php?rest_route=\/wp\/v2\/media\/55280"}],"wp:attachment":[{"href":"https:\/\/www.deporteseli.com\/index.php?rest_route=%2Fwp%2Fv2%2Fmedia&parent=41648"}],"wp:term":[{"taxonomy":"product_brand","embeddable":true,"href":"https:\/\/www.deporteseli.com\/index.php?rest_route=%2Fwp%2Fv2%2Fproduct_brand&post=41648"},{"taxonomy":"product_cat","embeddable":true,"href":"https:\/\/www.deporteseli.com\/index.php?rest_route=%2Fwp%2Fv2%2Fproduct_cat&post=41648"},{"taxonomy":"product_tag","embeddable":true,"href":"https:\/\/www.deporteseli.com\/index.php?rest_route=%2Fwp%2Fv2%2Fproduct_tag&post=41648"}],"curies":[{"name":"wp","href":"https:\/\/api.w.org\/{rel}","templated":true}]}}