{"id":41644,"date":"2026-01-27T19:22:09","date_gmt":"2026-01-27T19:22:09","guid":{"rendered":"https:\/\/www.deporteseli.com\/?product=zapatilla-grand-court-court-elastic-lace-top"},"modified":"2026-01-27T19:22:14","modified_gmt":"2026-01-27T19:22:14","slug":"zapatilla-grand-court-court-elastic-lace-top","status":"publish","type":"product","link":"https:\/\/www.deporteseli.com\/?product=zapatilla-grand-court-court-elastic-lace-top","title":{"rendered":"ZAPATILLA GRAND COURT COURT ELASTIC LACE TOP"},"content":{"rendered":"<p>CON EL FUTURO EN MENTE  La colecci\u00f3n de zapatillas de tu peque ya no puede esperar. Empieza a lo grande con esta zapatilla Grand Court de adidas. La suela de goma flexible y resistente le ofrece una pisada m\u00e1s c\u00f3moda. Incluye cordones el\u00e1sticos y un c\u00f3modo cierre autoadherente para que pueda calzarse y descalzarse sin ayuda.    La parte superior contiene al menos un 50% de materiales reciclados.  Horma cl\u00e1sica  Cordones el\u00e1sticos y cierre autoadherente  Parte superior de piel sint\u00e9tica  Forro sint\u00e9tico  Suela de goma cosida  La parte superior contiene al menos un 50% de material reciclado  Color del art\u00edculo: Cloud White \/ Matte Silver \/ Matte Silver  N\u00famero de art\u00edculo: GW6516                                                                                                                                                                                                                                                                                                                                                                                                                                                                                                                                                                                                                                                                                                                                                                                                                                                                                                                                                                                                                                        <\/p>\n","protected":false},"excerpt":{"rendered":"<p>ZAPATILLA GRAND COURT COURT ELASTIC LACE TOP<\/p>\n","protected":false},"featured_media":55276,"template":"","meta":[],"product_brand":[],"product_cat":[392],"product_tag":[18],"class_list":{"0":"post-41644","1":"product","2":"type-product","3":"status-publish","4":"has-post-thumbnail","6":"product_cat-ninas_calzado_casual","7":"product_tag-adidas","8":"pa_color-unico","9":"pa_talla-125","10":"pa_talla-127","11":"pa_talla-135","12":"thunk-woo-product-list","13":"opn-qv-enable","14":"open-woo-hover-","15":"open-single-product-tab-horizontal","16":"open-shadow-","17":"open-shadow-hover-","19":"first","20":"instock","21":"sale","22":"shipping-taxable","23":"purchasable","24":"product-type-variable"},"jetpack_sharing_enabled":true,"_links":{"self":[{"href":"https:\/\/www.deporteseli.com\/index.php?rest_route=\/wp\/v2\/product\/41644","targetHints":{"allow":["GET"]}}],"collection":[{"href":"https:\/\/www.deporteseli.com\/index.php?rest_route=\/wp\/v2\/product"}],"about":[{"href":"https:\/\/www.deporteseli.com\/index.php?rest_route=\/wp\/v2\/types\/product"}],"wp:featuredmedia":[{"embeddable":true,"href":"https:\/\/www.deporteseli.com\/index.php?rest_route=\/wp\/v2\/media\/55276"}],"wp:attachment":[{"href":"https:\/\/www.deporteseli.com\/index.php?rest_route=%2Fwp%2Fv2%2Fmedia&parent=41644"}],"wp:term":[{"taxonomy":"product_brand","embeddable":true,"href":"https:\/\/www.deporteseli.com\/index.php?rest_route=%2Fwp%2Fv2%2Fproduct_brand&post=41644"},{"taxonomy":"product_cat","embeddable":true,"href":"https:\/\/www.deporteseli.com\/index.php?rest_route=%2Fwp%2Fv2%2Fproduct_cat&post=41644"},{"taxonomy":"product_tag","embeddable":true,"href":"https:\/\/www.deporteseli.com\/index.php?rest_route=%2Fwp%2Fv2%2Fproduct_tag&post=41644"}],"curies":[{"name":"wp","href":"https:\/\/api.w.org\/{rel}","templated":true}]}}