{"id":41642,"date":"2026-01-27T19:22:07","date_gmt":"2026-01-27T19:22:07","guid":{"rendered":"https:\/\/www.deporteseli.com\/?product=shorts-hechos-para-entrenar-aeroready-minimal"},"modified":"2026-03-07T05:54:04","modified_gmt":"2026-03-07T05:54:04","slug":"shorts-hechos-para-entrenar-aeroready-minimal","status":"publish","type":"product","link":"https:\/\/www.deporteseli.com\/?product=shorts-hechos-para-entrenar-aeroready-minimal","title":{"rendered":"SHORTS HECHOS PARA ENTRENAR AEROREADY MINIMAL"},"content":{"rendered":"<p>SHORTS CON LICRAS INTERNAS HECHOS PARCIALMENTE CON MATERIALES RECICLADOS  No vuelvas a preocuparte por mostrar m\u00e1s de la cuenta mientras entrenas. Estos shorts de entrenamiento adidas tienen unas licras interiores suaves y absorbentes con una estructura minimalista que te mantiene cubierto. El tejido con tecnolog\u00eda de absorci\u00f3n AEROREADY se encarga del sudor para mantener tu cuerpo seco y tu mente concentrada en todo momento. Dise\u00f1ados con costuras favorecedoras y l\u00edneas de corte inteligentes que te permiten moverte libremente.    Hecho con materiales 100% reciclados, este producto representa solo una de nuestras soluciones para acabar con los residuos pl\u00e1sticos.  Ajuste cl\u00e1sico  Cintura el\u00e1stica con cord\u00f3n regulable  Tejido plano 100 % poli\u00e9ster reciclado  Licras interiores absorbentes  Tecnolog\u00eda de absorci\u00f3n AEROREADY  Cintura media negra  Bolsillos frontales  Color del art\u00edculo: Black \/ White  N\u00famero de art\u00edculo: HN1044                                                                                                                                                                                                                                                                                                                                                                                                                                                                                                                                                                                                                                                                                                                                                                                                                                                                                                                                                                                                                                        <\/p>\n","protected":false},"excerpt":{"rendered":"<p>SHORTS HECHOS PARA ENTRENAR AEROREADY MINIMAL<\/p>\n","protected":false},"featured_media":55272,"template":"","meta":[],"product_brand":[],"product_cat":[277],"product_tag":[18],"class_list":{"0":"post-41642","1":"product","2":"type-product","3":"status-publish","4":"has-post-thumbnail","6":"product_cat-mujer_textil_shorts","7":"product_tag-adidas","8":"pa_color-unico","9":"pa_talla-xs","10":"thunk-woo-product-list","11":"opn-qv-enable","12":"open-woo-hover-","13":"open-single-product-tab-horizontal","14":"open-shadow-","15":"open-shadow-hover-","17":"first","18":"instock","19":"shipping-taxable","20":"purchasable","21":"product-type-variable"},"jetpack_sharing_enabled":true,"_links":{"self":[{"href":"https:\/\/www.deporteseli.com\/index.php?rest_route=\/wp\/v2\/product\/41642","targetHints":{"allow":["GET"]}}],"collection":[{"href":"https:\/\/www.deporteseli.com\/index.php?rest_route=\/wp\/v2\/product"}],"about":[{"href":"https:\/\/www.deporteseli.com\/index.php?rest_route=\/wp\/v2\/types\/product"}],"wp:featuredmedia":[{"embeddable":true,"href":"https:\/\/www.deporteseli.com\/index.php?rest_route=\/wp\/v2\/media\/55272"}],"wp:attachment":[{"href":"https:\/\/www.deporteseli.com\/index.php?rest_route=%2Fwp%2Fv2%2Fmedia&parent=41642"}],"wp:term":[{"taxonomy":"product_brand","embeddable":true,"href":"https:\/\/www.deporteseli.com\/index.php?rest_route=%2Fwp%2Fv2%2Fproduct_brand&post=41642"},{"taxonomy":"product_cat","embeddable":true,"href":"https:\/\/www.deporteseli.com\/index.php?rest_route=%2Fwp%2Fv2%2Fproduct_cat&post=41642"},{"taxonomy":"product_tag","embeddable":true,"href":"https:\/\/www.deporteseli.com\/index.php?rest_route=%2Fwp%2Fv2%2Fproduct_tag&post=41642"}],"curies":[{"name":"wp","href":"https:\/\/api.w.org\/{rel}","templated":true}]}}