{"id":41640,"date":"2026-01-27T19:22:03","date_gmt":"2026-01-27T19:22:03","guid":{"rendered":"https:\/\/www.deporteseli.com\/?product=zapatillas-adidas-grand-court-cloudfoam-lifes"},"modified":"2026-01-27T19:22:06","modified_gmt":"2026-01-27T19:22:06","slug":"zapatillas-adidas-grand-court-cloudfoam-lifes","status":"publish","type":"product","link":"https:\/\/www.deporteseli.com\/?product=zapatillas-adidas-grand-court-cloudfoam-lifes","title":{"rendered":"ZAPATILLAS ADIDAS GRAND COURT CLOUDFOAM LIFES"},"content":{"rendered":"<p>ZAPATILLAS IC\u00d3NICAS PARA USO DIARIO, HECHAS PARCIALMENTE CON MATERIALES RECICLADOS  Hay tendencias y luego hay tradiciones. Estas zapatillas adidas Grand Court han dejado atr\u00e1s a las canchas y las pasarelas. Ahora no hay colecci\u00f3n que no est\u00e9 completa sin ellas. La amortiguaci\u00f3n Cloudfoam Comfort mantiene tus pies c\u00f3modos y sujetados, mientras que la silueta cl\u00e1sica combina a la perfecci\u00f3n con todos los atuendos.    Hecha con una serie de materiales reciclados, esta parte superior incorpora al menos un 50 % de contenido reciclado.  Ajuste cl\u00e1sico  Sistema de amarre de pasadores  Exterior de cuero sint\u00e9tico  Plantilla Cloudfoam Comfort  Forro interno textil  Suela de caucho  La parte superior contiene al menos un 50% de material reciclado  Color del art\u00edculo: Cloud White \/ Platinum Metallic \/ Platinum Metallic  N\u00famero de art\u00edculo: GW9215                                                                                                                                                                                                                                                                                                                                                                                                                                                                                                                                                                                                                                                                                                                                                                                                                                                                                                                                                                                                                                        <\/p>\n","protected":false},"excerpt":{"rendered":"<p>ZAPATILLAS ADIDAS GRAND COURT CLOUDFOAM LIFES<\/p>\n","protected":false},"featured_media":55268,"template":"","meta":[],"product_brand":[],"product_cat":[287],"product_tag":[18],"class_list":{"0":"post-41640","1":"product","2":"type-product","3":"status-publish","4":"has-post-thumbnail","6":"product_cat-mujer_calzado_casual","7":"product_tag-adidas","8":"pa_color-unico","9":"pa_talla-39-5","10":"thunk-woo-product-list","11":"opn-qv-enable","12":"open-woo-hover-","13":"open-single-product-tab-horizontal","14":"open-shadow-","15":"open-shadow-hover-","17":"first","18":"instock","19":"sale","20":"shipping-taxable","21":"purchasable","22":"product-type-variable"},"jetpack_sharing_enabled":true,"_links":{"self":[{"href":"https:\/\/www.deporteseli.com\/index.php?rest_route=\/wp\/v2\/product\/41640","targetHints":{"allow":["GET"]}}],"collection":[{"href":"https:\/\/www.deporteseli.com\/index.php?rest_route=\/wp\/v2\/product"}],"about":[{"href":"https:\/\/www.deporteseli.com\/index.php?rest_route=\/wp\/v2\/types\/product"}],"wp:featuredmedia":[{"embeddable":true,"href":"https:\/\/www.deporteseli.com\/index.php?rest_route=\/wp\/v2\/media\/55268"}],"wp:attachment":[{"href":"https:\/\/www.deporteseli.com\/index.php?rest_route=%2Fwp%2Fv2%2Fmedia&parent=41640"}],"wp:term":[{"taxonomy":"product_brand","embeddable":true,"href":"https:\/\/www.deporteseli.com\/index.php?rest_route=%2Fwp%2Fv2%2Fproduct_brand&post=41640"},{"taxonomy":"product_cat","embeddable":true,"href":"https:\/\/www.deporteseli.com\/index.php?rest_route=%2Fwp%2Fv2%2Fproduct_cat&post=41640"},{"taxonomy":"product_tag","embeddable":true,"href":"https:\/\/www.deporteseli.com\/index.php?rest_route=%2Fwp%2Fv2%2Fproduct_tag&post=41640"}],"curies":[{"name":"wp","href":"https:\/\/api.w.org\/{rel}","templated":true}]}}