{"id":41619,"date":"2026-01-27T19:21:35","date_gmt":"2026-01-27T19:21:35","guid":{"rendered":"https:\/\/www.deporteseli.com\/?product=balon-entrenamiento-predator-2"},"modified":"2026-01-27T19:21:37","modified_gmt":"2026-01-27T19:21:37","slug":"balon-entrenamiento-predator-2","status":"publish","type":"product","link":"https:\/\/www.deporteseli.com\/?product=balon-entrenamiento-predator-2","title":{"rendered":"BAL\u00f3N ENTRENAMIENTO PREDATOR"},"content":{"rendered":"<p>ENTRENA CON EL ESTILO DE PREDATOR  Mira hacia la porter\u00eda y encuentra la escuadra con este bal\u00f3n de entrenamiento Predator. Luce los colores cl\u00e1sicos de la colecci\u00f3n adidas Predator y cuenta con una cubierta de TPU cosida a m\u00e1quina con una resistente c\u00e1mara de butilo. Perfecciona tu t\u00e9cnica haga el tiempo que haga con un bal\u00f3n de f\u00fatbol dise\u00f1ado para soportar la potencia de tus disparos.  Cubierta 100% TPU reciclado  Cosido a m\u00e1quina  C\u00e1mara de butilo  Estampado Predator  Es necesario inflarlo  Color del art\u00edculo: Core Black \/ Solar Red \/ Team Solar Yellow 2  N\u00famero de art\u00edculo: IP1655                                                                                                                                                                                                                                                                                                                                                                                                                                                                                                                                                                                                                                                                                                                                                                                                                                                                                                                                                                                                                                        <\/p>\n","protected":false},"excerpt":{"rendered":"<p>BAL\u00f3N ENTRENAMIENTO PREDATOR<\/p>\n","protected":false},"featured_media":55259,"template":"","meta":[],"product_brand":[],"product_cat":[347],"product_tag":[18],"class_list":{"0":"post-41619","1":"product","2":"type-product","3":"status-publish","4":"has-post-thumbnail","6":"product_cat-deportes_balones","7":"product_tag-adidas","8":"pa_color-unico","9":"pa_talla-169","10":"thunk-woo-product-list","11":"opn-qv-enable","12":"open-woo-hover-","13":"open-single-product-tab-horizontal","14":"open-shadow-","15":"open-shadow-hover-","17":"first","18":"instock","19":"shipping-taxable","20":"purchasable","21":"product-type-variable"},"jetpack_sharing_enabled":true,"_links":{"self":[{"href":"https:\/\/www.deporteseli.com\/index.php?rest_route=\/wp\/v2\/product\/41619","targetHints":{"allow":["GET"]}}],"collection":[{"href":"https:\/\/www.deporteseli.com\/index.php?rest_route=\/wp\/v2\/product"}],"about":[{"href":"https:\/\/www.deporteseli.com\/index.php?rest_route=\/wp\/v2\/types\/product"}],"wp:featuredmedia":[{"embeddable":true,"href":"https:\/\/www.deporteseli.com\/index.php?rest_route=\/wp\/v2\/media\/55259"}],"wp:attachment":[{"href":"https:\/\/www.deporteseli.com\/index.php?rest_route=%2Fwp%2Fv2%2Fmedia&parent=41619"}],"wp:term":[{"taxonomy":"product_brand","embeddable":true,"href":"https:\/\/www.deporteseli.com\/index.php?rest_route=%2Fwp%2Fv2%2Fproduct_brand&post=41619"},{"taxonomy":"product_cat","embeddable":true,"href":"https:\/\/www.deporteseli.com\/index.php?rest_route=%2Fwp%2Fv2%2Fproduct_cat&post=41619"},{"taxonomy":"product_tag","embeddable":true,"href":"https:\/\/www.deporteseli.com\/index.php?rest_route=%2Fwp%2Fv2%2Fproduct_tag&post=41619"}],"curies":[{"name":"wp","href":"https:\/\/api.w.org\/{rel}","templated":true}]}}