{"id":41597,"date":"2026-01-27T19:21:01","date_gmt":"2026-01-27T19:21:01","guid":{"rendered":"https:\/\/www.deporteseli.com\/?product=paletero-wilson-team-padel-bag-rojo-crema"},"modified":"2026-02-16T07:49:36","modified_gmt":"2026-02-16T07:49:36","slug":"paletero-wilson-team-padel-bag-rojo-crema","status":"publish","type":"product","link":"https:\/\/www.deporteseli.com\/?product=paletero-wilson-team-padel-bag-rojo-crema","title":{"rendered":"PALETERO WILSON TEAM PADEL BAG ROJO CREMA"},"content":{"rendered":"<p>Descubre el equilibrio perfecto entre funcionalidad y estilo con el paletero Wilson Team Padel Bag rojo crema 2024. Dise\u00f1ado espec\u00edficamente para los entusiastas del p\u00e1del, este paletero no solo destaca por su llamativo color rojo crema, sino tambi\u00e9n por su capacidad excepcional de almacenamiento, capaz de llevar hasta cuatro palas y todo tu equipo esencial de forma segura y organizada. Prep\u00e1rate para llegar a la pista con todo lo que necesitas, listo para enfrentarte a cualquier reto.    La innovaci\u00f3n se une a la conveniencia en este paletero, dotado de un compartimento especial para zapatillas y m\u00faltiples bolsillos para accesorios que aseguran una organizaci\u00f3n \u00f3ptima de tus pertenencias. Con correas acolchadas ajustables y un dise\u00f1o pensado para el jugador moderno, el Wilson Team Padel Bag es tu compa\u00f1ero ideal para cualquier partido o entrenamiento.    Caracter\u00edsticas bolsa de p\u00e1del Wilson Team Padel Bag rojo crema  Capacidad amplia para albergar hasta cuatro palas de p\u00e1del, asegurando que todo tu equipo llegue contigo.  Incluye un compartimento con bolsa de cord\u00f3n para separar las zapatillas sudadas, manteniendo el resto de tu equipo limpio.  M\u00faltiples bolsillos peque\u00f1os ideales para almacenar de forma segura llaves, tel\u00e9fono y otros accesorios personales.  Correas acolchadas ajustables para un transporte c\u00f3modo, junto con un asa superior para versatilidad al llevarla.  Tejido 100% poli\u00e9ster, ofreciendo durabilidad y resistencia al desgaste diario.  Pertenece a la colecci\u00f3n de bolsas para p\u00e1del Wilson 2024.                                                                                                                                                                                                                                                                                                                                                                                                                                                                                                                                                                                                                                                                                                                                                                                                                                                                                                                                                                                                                                        <\/p>\n","protected":false},"excerpt":{"rendered":"<p>PALETERO WILSON TEAM PADEL BAG ROJO CREMA<\/p>\n","protected":false},"featured_media":55251,"template":"","meta":[],"product_brand":[],"product_cat":[354],"product_tag":[57],"class_list":{"0":"post-41597","1":"product","2":"type-product","3":"status-publish","4":"has-post-thumbnail","6":"product_cat-padel_y_tenis_paleteros","7":"product_tag-wilson","8":"pa_color-unico","9":"pa_talla-unica","10":"thunk-woo-product-list","11":"opn-qv-enable","12":"open-woo-hover-","13":"open-single-product-tab-horizontal","14":"open-shadow-","15":"open-shadow-hover-","17":"first","18":"instock","19":"sale","20":"shipping-taxable","21":"purchasable","22":"product-type-variable"},"jetpack_sharing_enabled":true,"_links":{"self":[{"href":"https:\/\/www.deporteseli.com\/index.php?rest_route=\/wp\/v2\/product\/41597","targetHints":{"allow":["GET"]}}],"collection":[{"href":"https:\/\/www.deporteseli.com\/index.php?rest_route=\/wp\/v2\/product"}],"about":[{"href":"https:\/\/www.deporteseli.com\/index.php?rest_route=\/wp\/v2\/types\/product"}],"wp:featuredmedia":[{"embeddable":true,"href":"https:\/\/www.deporteseli.com\/index.php?rest_route=\/wp\/v2\/media\/55251"}],"wp:attachment":[{"href":"https:\/\/www.deporteseli.com\/index.php?rest_route=%2Fwp%2Fv2%2Fmedia&parent=41597"}],"wp:term":[{"taxonomy":"product_brand","embeddable":true,"href":"https:\/\/www.deporteseli.com\/index.php?rest_route=%2Fwp%2Fv2%2Fproduct_brand&post=41597"},{"taxonomy":"product_cat","embeddable":true,"href":"https:\/\/www.deporteseli.com\/index.php?rest_route=%2Fwp%2Fv2%2Fproduct_cat&post=41597"},{"taxonomy":"product_tag","embeddable":true,"href":"https:\/\/www.deporteseli.com\/index.php?rest_route=%2Fwp%2Fv2%2Fproduct_tag&post=41597"}],"curies":[{"name":"wp","href":"https:\/\/api.w.org\/{rel}","templated":true}]}}