{"id":41595,"date":"2026-01-27T19:20:58","date_gmt":"2026-01-27T19:20:58","guid":{"rendered":"https:\/\/www.deporteseli.com\/?product=paletero-wilson"},"modified":"2026-01-27T19:21:00","modified_gmt":"2026-01-27T19:21:00","slug":"paletero-wilson","status":"publish","type":"product","link":"https:\/\/www.deporteseli.com\/?product=paletero-wilson","title":{"rendered":"PALETERO WILSON"},"content":{"rendered":"<p>Team Padel Bag Paletero &#8211; Gris, Verde  La bolsa Team Padel Bag impresiona con su dise\u00f1o claro y ofrece mucho espacio para su equipo de p\u00e1del. Uno de los dos compartimentos principales est\u00e1 forrado con una l\u00e1mina t\u00e9rmica para proteger el contenido de las fluctuaciones extremas de temperatura.    Lo m\u00e1s destacado:    Incluye un bolsillo independiente con cord\u00f3n  Compartimento lateral con cremallera para objetos personales  Correas acolchadas para los hombros de la mochila                                                                                                                                                                                                                                                                                                                                                                                                                                                                                                                                                                                                                                                                                                                                                                                                                                                                                                                                                                                                                                        <\/p>\n","protected":false},"excerpt":{"rendered":"<p>PALETERO WILSON<\/p>\n","protected":false},"featured_media":55248,"template":"","meta":[],"product_brand":[],"product_cat":[354],"product_tag":[57],"class_list":{"0":"post-41595","1":"product","2":"type-product","3":"status-publish","4":"has-post-thumbnail","6":"product_cat-padel_y_tenis_paleteros","7":"product_tag-wilson","8":"pa_color-unico","9":"pa_talla-unica","10":"thunk-woo-product-list","11":"opn-qv-enable","12":"open-woo-hover-","13":"open-single-product-tab-horizontal","14":"open-shadow-","15":"open-shadow-hover-","17":"first","18":"instock","19":"sale","20":"shipping-taxable","21":"purchasable","22":"product-type-variable"},"jetpack_sharing_enabled":true,"_links":{"self":[{"href":"https:\/\/www.deporteseli.com\/index.php?rest_route=\/wp\/v2\/product\/41595","targetHints":{"allow":["GET"]}}],"collection":[{"href":"https:\/\/www.deporteseli.com\/index.php?rest_route=\/wp\/v2\/product"}],"about":[{"href":"https:\/\/www.deporteseli.com\/index.php?rest_route=\/wp\/v2\/types\/product"}],"wp:featuredmedia":[{"embeddable":true,"href":"https:\/\/www.deporteseli.com\/index.php?rest_route=\/wp\/v2\/media\/55248"}],"wp:attachment":[{"href":"https:\/\/www.deporteseli.com\/index.php?rest_route=%2Fwp%2Fv2%2Fmedia&parent=41595"}],"wp:term":[{"taxonomy":"product_brand","embeddable":true,"href":"https:\/\/www.deporteseli.com\/index.php?rest_route=%2Fwp%2Fv2%2Fproduct_brand&post=41595"},{"taxonomy":"product_cat","embeddable":true,"href":"https:\/\/www.deporteseli.com\/index.php?rest_route=%2Fwp%2Fv2%2Fproduct_cat&post=41595"},{"taxonomy":"product_tag","embeddable":true,"href":"https:\/\/www.deporteseli.com\/index.php?rest_route=%2Fwp%2Fv2%2Fproduct_tag&post=41595"}],"curies":[{"name":"wp","href":"https:\/\/api.w.org\/{rel}","templated":true}]}}