{"id":41574,"date":"2026-01-27T19:20:31","date_gmt":"2026-01-27T19:20:31","guid":{"rendered":"https:\/\/www.deporteseli.com\/?product=banador-colorblock-3"},"modified":"2026-01-27T19:20:32","modified_gmt":"2026-01-27T19:20:32","slug":"banador-colorblock-3","status":"publish","type":"product","link":"https:\/\/www.deporteseli.com\/?product=banador-colorblock-3","title":{"rendered":"BA\u00f1ADOR COLORBLOCK"},"content":{"rendered":"<p>DISFRUTA DE LA PISCINA O DEL MAR CON ESTILO  Un chapuz\u00f3n refrescante en una piscina fr\u00eda siempre te pone de buen humor. Este ba\u00f1ador adidas te ofrece la comodidad que buscas en cualquier medio acu\u00e1tico. Se ha confeccionado en un tejido ligero, suave y resistente al cloro. Los bloques de color dan forma a una silueta muy favorecedora.    Esta prenda se ha confeccionado con hilo ECONYL\u00ae reciclado y resistente al cloro.  Corte ajustado  Espalda con tirantes cruzados  Punto 78% nailon reciclado \/ 22% elast\u00e1n  Dise\u00f1o ligero  Tejido Infinitex Fitness Eco resistente al cloro  Pernera de corte medio  Tejido ultraplano y suave  Dise\u00f1o con bloques de color  Abertura media en la espalda  Color del art\u00edculo: Legend Ink \/ Bliss Lilac  N\u00famero de art\u00edculo: IL7280                                                                                                                                                                                                                                                                                                                                                                                                                                                                                                                                                                                                                                                                                                                                                                                                                                                                                                                                                                                                                                        <\/p>\n","protected":false},"excerpt":{"rendered":"<p>BA\u00f1ADOR COLORBLOCK<\/p>\n","protected":false},"featured_media":55234,"template":"","meta":[],"product_brand":[],"product_cat":[270],"product_tag":[18],"class_list":{"0":"post-41574","1":"product","2":"type-product","3":"status-publish","4":"has-post-thumbnail","6":"product_cat-mujer_textil_banadores","7":"product_tag-adidas","8":"pa_color-unico","9":"pa_talla-137","10":"thunk-woo-product-list","11":"opn-qv-enable","12":"open-woo-hover-","13":"open-single-product-tab-horizontal","14":"open-shadow-","15":"open-shadow-hover-","17":"first","18":"instock","19":"shipping-taxable","20":"purchasable","21":"product-type-variable"},"jetpack_sharing_enabled":true,"_links":{"self":[{"href":"https:\/\/www.deporteseli.com\/index.php?rest_route=\/wp\/v2\/product\/41574","targetHints":{"allow":["GET"]}}],"collection":[{"href":"https:\/\/www.deporteseli.com\/index.php?rest_route=\/wp\/v2\/product"}],"about":[{"href":"https:\/\/www.deporteseli.com\/index.php?rest_route=\/wp\/v2\/types\/product"}],"wp:featuredmedia":[{"embeddable":true,"href":"https:\/\/www.deporteseli.com\/index.php?rest_route=\/wp\/v2\/media\/55234"}],"wp:attachment":[{"href":"https:\/\/www.deporteseli.com\/index.php?rest_route=%2Fwp%2Fv2%2Fmedia&parent=41574"}],"wp:term":[{"taxonomy":"product_brand","embeddable":true,"href":"https:\/\/www.deporteseli.com\/index.php?rest_route=%2Fwp%2Fv2%2Fproduct_brand&post=41574"},{"taxonomy":"product_cat","embeddable":true,"href":"https:\/\/www.deporteseli.com\/index.php?rest_route=%2Fwp%2Fv2%2Fproduct_cat&post=41574"},{"taxonomy":"product_tag","embeddable":true,"href":"https:\/\/www.deporteseli.com\/index.php?rest_route=%2Fwp%2Fv2%2Fproduct_tag&post=41574"}],"curies":[{"name":"wp","href":"https:\/\/api.w.org\/{rel}","templated":true}]}}