{"id":41572,"date":"2026-01-27T19:20:28","date_gmt":"2026-01-27T19:20:28","guid":{"rendered":"https:\/\/www.deporteseli.com\/?product=banador-colorblock-2"},"modified":"2026-01-27T19:20:29","modified_gmt":"2026-01-27T19:20:29","slug":"banador-colorblock-2","status":"publish","type":"product","link":"https:\/\/www.deporteseli.com\/?product=banador-colorblock-2","title":{"rendered":"BA\u00f1ADOR COLORBLOCK"},"content":{"rendered":"<p>CONFORT BAJO EL AGUA  Dale un descanso al gimnasio y aumenta tu ritmo card\u00edaco en la piscina. Este ba\u00f1ador adidas se ha confeccionado en un tejido resistente al cloro que te permite nadar a diario. Los bloques de color en los laterales le aportan un toque deportivo.    Este producto se ha fabricado con diferentes materiales t\u00e9cnicos y contiene al menos un 70% de material reciclado. Su objetivo es plantear otra soluci\u00f3n m\u00e1s que ayude a eliminar los residuos pl\u00e1sticos.  Corte cl\u00e1sico  Cintura el\u00e1stica con cord\u00f3n interior  Punto 78% nailon reciclado \/ 22% elast\u00e1n  Tacto suave  Tejido Infinitex Fitness Eco resistente al cloro  Color del art\u00edculo: Legend Ink \/ Green Spark \/ Bliss Lilac  N\u00famero de art\u00edculo: IK7243                                                                                                                                                                                                                                                                                                                                                                                                                                                                                                                                                                                                                                                                                                                                                                                                                                                                                                                                                                                                                                        <\/p>\n","protected":false},"excerpt":{"rendered":"<p>BA\u00f1ADOR COLORBLOCK<\/p>\n","protected":false},"featured_media":55229,"template":"","meta":[],"product_brand":[],"product_cat":[246],"product_tag":[18],"class_list":{"0":"post-41572","1":"product","2":"type-product","3":"status-publish","4":"has-post-thumbnail","6":"product_cat-hombre_textil_banadores","7":"product_tag-adidas","8":"pa_color-unico","9":"pa_talla-xl","10":"thunk-woo-product-list","11":"opn-qv-enable","12":"open-woo-hover-","13":"open-single-product-tab-horizontal","14":"open-shadow-","15":"open-shadow-hover-","17":"first","18":"instock","19":"shipping-taxable","20":"purchasable","21":"product-type-variable"},"jetpack_sharing_enabled":true,"_links":{"self":[{"href":"https:\/\/www.deporteseli.com\/index.php?rest_route=\/wp\/v2\/product\/41572","targetHints":{"allow":["GET"]}}],"collection":[{"href":"https:\/\/www.deporteseli.com\/index.php?rest_route=\/wp\/v2\/product"}],"about":[{"href":"https:\/\/www.deporteseli.com\/index.php?rest_route=\/wp\/v2\/types\/product"}],"wp:featuredmedia":[{"embeddable":true,"href":"https:\/\/www.deporteseli.com\/index.php?rest_route=\/wp\/v2\/media\/55229"}],"wp:attachment":[{"href":"https:\/\/www.deporteseli.com\/index.php?rest_route=%2Fwp%2Fv2%2Fmedia&parent=41572"}],"wp:term":[{"taxonomy":"product_brand","embeddable":true,"href":"https:\/\/www.deporteseli.com\/index.php?rest_route=%2Fwp%2Fv2%2Fproduct_brand&post=41572"},{"taxonomy":"product_cat","embeddable":true,"href":"https:\/\/www.deporteseli.com\/index.php?rest_route=%2Fwp%2Fv2%2Fproduct_cat&post=41572"},{"taxonomy":"product_tag","embeddable":true,"href":"https:\/\/www.deporteseli.com\/index.php?rest_route=%2Fwp%2Fv2%2Fproduct_tag&post=41572"}],"curies":[{"name":"wp","href":"https:\/\/api.w.org\/{rel}","templated":true}]}}