{"id":41543,"date":"2026-01-27T19:19:47","date_gmt":"2026-01-27T19:19:47","guid":{"rendered":"https:\/\/www.deporteseli.com\/?product=guantes-portero-copa-league"},"modified":"2026-01-27T19:19:53","modified_gmt":"2026-01-27T19:19:53","slug":"guantes-portero-copa-league","status":"publish","type":"product","link":"https:\/\/www.deporteseli.com\/?product=guantes-portero-copa-league","title":{"rendered":"GUANTES PORTERO COPA LEAGUE"},"content":{"rendered":"<p>DET\u00c9N CADA DISPARO  Defiende bajo palos con total confort. Estos guantes de portero Copa Club de adidas para j\u00f3venes promesas combinan el cl\u00e1sico dise\u00f1o de l\u00e1tex que te ofrece un tacto cl\u00e1sico y una correa el\u00e1stica que envuelve la mu\u00f1eca hasta la mitad para lograr un ajuste perfecto. La palma de l\u00e1tex con tecnolog\u00eda URG 3.0 te proporciona un agarre y amortiguaci\u00f3n excelentes para ayudarte a atajar los disparos m\u00e1s potentes. Lucen un corte negativo que te garantiza un ajuste preciso y un contacto natural con el bal\u00f3n.  Corte negativo  Dorso de malla y l\u00e1tex  Palma: l\u00e1tex URG 3.0  Correa alrededor de la mu\u00f1eca que la envuelve con media vuelta  Color del art\u00edculo: Ivory \/ Solar Red \/ Black  N\u00famero de art\u00edculo: IQ4030                                                                                                                                                                                                                                                                                                                                                                                                                                                                                                                                                                                                                                                                                                                                                                                                                                                                                                                                                                                                                                        <\/p>\n","protected":false},"excerpt":{"rendered":"<p>GUANTES PORTERO COPA LEAGUE<\/p>\n","protected":false},"featured_media":55205,"template":"","meta":[],"product_brand":[],"product_cat":[322],"product_tag":[18],"class_list":{"0":"post-41543","1":"product","2":"type-product","3":"status-publish","4":"has-post-thumbnail","6":"product_cat-deportes_futbol_guantes_portero","7":"product_tag-adidas","8":"pa_color-unico","9":"pa_talla-168","10":"pa_talla-169","11":"thunk-woo-product-list","12":"opn-qv-enable","13":"open-woo-hover-","14":"open-single-product-tab-horizontal","15":"open-shadow-","16":"open-shadow-hover-","18":"first","19":"instock","20":"shipping-taxable","21":"purchasable","22":"product-type-variable"},"jetpack_sharing_enabled":true,"_links":{"self":[{"href":"https:\/\/www.deporteseli.com\/index.php?rest_route=\/wp\/v2\/product\/41543","targetHints":{"allow":["GET"]}}],"collection":[{"href":"https:\/\/www.deporteseli.com\/index.php?rest_route=\/wp\/v2\/product"}],"about":[{"href":"https:\/\/www.deporteseli.com\/index.php?rest_route=\/wp\/v2\/types\/product"}],"wp:featuredmedia":[{"embeddable":true,"href":"https:\/\/www.deporteseli.com\/index.php?rest_route=\/wp\/v2\/media\/55205"}],"wp:attachment":[{"href":"https:\/\/www.deporteseli.com\/index.php?rest_route=%2Fwp%2Fv2%2Fmedia&parent=41543"}],"wp:term":[{"taxonomy":"product_brand","embeddable":true,"href":"https:\/\/www.deporteseli.com\/index.php?rest_route=%2Fwp%2Fv2%2Fproduct_brand&post=41543"},{"taxonomy":"product_cat","embeddable":true,"href":"https:\/\/www.deporteseli.com\/index.php?rest_route=%2Fwp%2Fv2%2Fproduct_cat&post=41543"},{"taxonomy":"product_tag","embeddable":true,"href":"https:\/\/www.deporteseli.com\/index.php?rest_route=%2Fwp%2Fv2%2Fproduct_tag&post=41543"}],"curies":[{"name":"wp","href":"https:\/\/api.w.org\/{rel}","templated":true}]}}