{"id":41540,"date":"2026-01-27T19:19:41","date_gmt":"2026-01-27T19:19:41","guid":{"rendered":"https:\/\/www.deporteseli.com\/?product=zapatillas-barricade-m-clay"},"modified":"2026-04-08T15:57:14","modified_gmt":"2026-04-08T15:57:14","slug":"zapatillas-barricade-m-clay","status":"publish","type":"product","link":"https:\/\/www.deporteseli.com\/?product=zapatillas-barricade-m-clay","title":{"rendered":"ZAPATILLAS BARRICADE M CLAY"},"content":{"rendered":"<p>Enfr\u00e9ntate a la competencia con estas zapatillas de tenis adidas Barricade 13 Clay para hombre. Con un perfil bajo y una amortiguaci\u00f3n extrema, est\u00e1n dise\u00f1ados para satisfacer las demandas de un juego de tenis de nivel de rendimiento. Tambi\u00e9n ofrecen una excelente estabilidad y agarre en canchas de tierra batida, para que puedas darlo todo en cada golpe. Haz una declaraci\u00f3n en la cancha y deja que tu juego haga el resto.                                                                                                                                                                                                                                                                                                                                                                                                                                                                                                                                                                                                                                                                                                                                                                                                                                                                                                                                                                                                                                        <\/p>\n","protected":false},"excerpt":{"rendered":"<p>ZAPATILLAS BARRICADE M CLAY<\/p>\n","protected":false},"featured_media":55200,"template":"","meta":[],"product_brand":[],"product_cat":[371],"product_tag":[18],"class_list":{"0":"post-41540","1":"product","2":"type-product","3":"status-publish","4":"has-post-thumbnail","6":"product_cat-padel_y_tenis_calzado","7":"product_tag-adidas","8":"pa_color-unico","9":"pa_talla-153","10":"pa_talla-42-5","11":"thunk-woo-product-list","12":"opn-qv-enable","13":"open-woo-hover-","14":"open-single-product-tab-horizontal","15":"open-shadow-","16":"open-shadow-hover-","18":"first","19":"instock","20":"sale","21":"shipping-taxable","22":"purchasable","23":"product-type-variable"},"jetpack_sharing_enabled":true,"_links":{"self":[{"href":"https:\/\/www.deporteseli.com\/index.php?rest_route=\/wp\/v2\/product\/41540","targetHints":{"allow":["GET"]}}],"collection":[{"href":"https:\/\/www.deporteseli.com\/index.php?rest_route=\/wp\/v2\/product"}],"about":[{"href":"https:\/\/www.deporteseli.com\/index.php?rest_route=\/wp\/v2\/types\/product"}],"wp:featuredmedia":[{"embeddable":true,"href":"https:\/\/www.deporteseli.com\/index.php?rest_route=\/wp\/v2\/media\/55200"}],"wp:attachment":[{"href":"https:\/\/www.deporteseli.com\/index.php?rest_route=%2Fwp%2Fv2%2Fmedia&parent=41540"}],"wp:term":[{"taxonomy":"product_brand","embeddable":true,"href":"https:\/\/www.deporteseli.com\/index.php?rest_route=%2Fwp%2Fv2%2Fproduct_brand&post=41540"},{"taxonomy":"product_cat","embeddable":true,"href":"https:\/\/www.deporteseli.com\/index.php?rest_route=%2Fwp%2Fv2%2Fproduct_cat&post=41540"},{"taxonomy":"product_tag","embeddable":true,"href":"https:\/\/www.deporteseli.com\/index.php?rest_route=%2Fwp%2Fv2%2Fproduct_tag&post=41540"}],"curies":[{"name":"wp","href":"https:\/\/api.w.org\/{rel}","templated":true}]}}