{"id":41531,"date":"2026-01-27T19:19:30","date_gmt":"2026-01-27T19:19:30","guid":{"rendered":"https:\/\/www.deporteseli.com\/?product=zapatillas-adizero-ubersonic-4-1-cl-m"},"modified":"2026-01-27T19:19:40","modified_gmt":"2026-01-27T19:19:40","slug":"zapatillas-adizero-ubersonic-4-1-cl-m","status":"publish","type":"product","link":"https:\/\/www.deporteseli.com\/?product=zapatillas-adizero-ubersonic-4-1-cl-m","title":{"rendered":"ZAPATILLAS ADIZERO UBERSONIC 4.1 CL M"},"content":{"rendered":"<p>Dise\u00f1adas para la velocidad, estas zapatillas de tenis Adizero Ubersonic para hombre de adidas tienen una parte superior de malla liviana que est\u00e1 reforzada para brindar estabilidad durante los movimientos laterales extremos. Las \u00e1reas de alta abrasi\u00f3n est\u00e1n cubiertas con material BOOST reciclado para mayor durabilidad. Su entresuela Lightstrike y la suela Adiwear aseguran una respuesta r\u00e1pida en superficies de arcilla. La parte superior de este zapato est\u00e1 hecha con un hilo de alto rendimientoque contiene al menos un 50 % de Parley Ocean Plastic: desechos pl\u00e1sticos reinventados, interceptados en islas remotas, playas, comunidades costeras y costas, evitando que contaminen nuestro oc\u00e9ano. El otro 50% del hilo es poli\u00e9ster reciclado.                                                                                                                                                                                                                                                                                                                                                                                                                                                                                                                                                                                                                                                                                                                                                                                                                                                                                                                                                                                                                                        <\/p>\n","protected":false},"excerpt":{"rendered":"<p>ZAPATILLAS ADIZERO UBERSONIC 4.1 CL M<\/p>\n","protected":false},"featured_media":55195,"template":"","meta":[],"product_brand":[],"product_cat":[371],"product_tag":[18],"class_list":{"0":"post-41531","1":"product","2":"type-product","3":"status-publish","4":"has-post-thumbnail","6":"product_cat-padel_y_tenis_calzado","7":"product_tag-adidas","8":"pa_color-unico","9":"pa_talla-41-5","10":"pa_talla-153","11":"pa_talla-42-5","12":"pa_talla-43-5","13":"pa_talla-157","14":"pa_talla-44-5","15":"pa_talla-45-5","16":"pa_talla-161","17":"thunk-woo-product-list","18":"opn-qv-enable","19":"open-woo-hover-","20":"open-single-product-tab-horizontal","21":"open-shadow-","22":"open-shadow-hover-","24":"first","25":"instock","26":"sale","27":"shipping-taxable","28":"purchasable","29":"product-type-variable"},"jetpack_sharing_enabled":true,"_links":{"self":[{"href":"https:\/\/www.deporteseli.com\/index.php?rest_route=\/wp\/v2\/product\/41531","targetHints":{"allow":["GET"]}}],"collection":[{"href":"https:\/\/www.deporteseli.com\/index.php?rest_route=\/wp\/v2\/product"}],"about":[{"href":"https:\/\/www.deporteseli.com\/index.php?rest_route=\/wp\/v2\/types\/product"}],"wp:featuredmedia":[{"embeddable":true,"href":"https:\/\/www.deporteseli.com\/index.php?rest_route=\/wp\/v2\/media\/55195"}],"wp:attachment":[{"href":"https:\/\/www.deporteseli.com\/index.php?rest_route=%2Fwp%2Fv2%2Fmedia&parent=41531"}],"wp:term":[{"taxonomy":"product_brand","embeddable":true,"href":"https:\/\/www.deporteseli.com\/index.php?rest_route=%2Fwp%2Fv2%2Fproduct_brand&post=41531"},{"taxonomy":"product_cat","embeddable":true,"href":"https:\/\/www.deporteseli.com\/index.php?rest_route=%2Fwp%2Fv2%2Fproduct_cat&post=41531"},{"taxonomy":"product_tag","embeddable":true,"href":"https:\/\/www.deporteseli.com\/index.php?rest_route=%2Fwp%2Fv2%2Fproduct_tag&post=41531"}],"curies":[{"name":"wp","href":"https:\/\/api.w.org\/{rel}","templated":true}]}}