{"id":41510,"date":"2026-01-27T19:18:59","date_gmt":"2026-01-27T19:18:59","guid":{"rendered":"https:\/\/www.deporteseli.com\/?product=short-puma-586989"},"modified":"2026-03-07T05:52:38","modified_gmt":"2026-03-07T05:52:38","slug":"short-puma-586989","status":"publish","type":"product","link":"https:\/\/www.deporteseli.com\/?product=short-puma-586989","title":{"rendered":"SHORT PUMA 586989"},"content":{"rendered":"<p>Para todos los amantes de la ropa deportiva sostenible, estos shorts lisos de nuestra \u00faltima colecci\u00f3n de b\u00e1sicos modernos destacan por su corte contempor\u00e1neo, est\u00e1n confeccionados con algod\u00f3n de la iniciativa Forever Better y combinan bien con cualquier look. CARACTER\u00cdSTICAS   BENEFICIOS: Al comprar productos de algod\u00f3n PUMA, apoyas un cultivo de algod\u00f3n m\u00e1s sostenible. M\u00e1s informaci\u00f3n en PUMA.COM\/FOREVERBETTER. Contenido reciclado: fabricado con al menos un 20 % de material reciclado en su composici\u00f3n como paso hacia un futuro mejor. DETALLES: Corte est\u00e1ndar. Cinturilla el\u00e1stica con cord\u00f3n interior para una comodidad personalizada. Bolsillos laterales. Logotipo PUMA n.\u00ba 1 en el dobladillo derecho. Algod\u00f3n y poli\u00e9ster. Composici\u00f3n: Exterior: 68% Algod\u00f3n, 32% Poli\u00e9ster. Lavar con colores similares. No limpiar en seco. Utilizar detergente especial para prendas de color. Lavar y planchar la prenda por el lado del rev\u00e9s. Decoraci\u00f3n exclusiva                                                                                                                                                                                                                                                                                                                                                                                                                                                                                                                                                                                                                                                                                                                                                                                                                                                                                                                                                                                                                                        <\/p>\n","protected":false},"excerpt":{"rendered":"<p>SHORT PUMA 586989<\/p>\n","protected":false},"featured_media":55186,"template":"","meta":[],"product_brand":[],"product_cat":[299],"product_tag":[32],"class_list":{"0":"post-41510","1":"product","2":"type-product","3":"status-publish","4":"has-post-thumbnail","6":"product_cat-nino_textil_bermudas","7":"product_tag-puma","8":"pa_color-unico","9":"pa_talla-t-12","10":"pa_talla-t-16","11":"pa_talla-t-8","12":"thunk-woo-product-list","13":"opn-qv-enable","14":"open-woo-hover-","15":"open-single-product-tab-horizontal","16":"open-shadow-","17":"open-shadow-hover-","19":"first","20":"instock","21":"shipping-taxable","22":"purchasable","23":"product-type-variable"},"jetpack_sharing_enabled":true,"_links":{"self":[{"href":"https:\/\/www.deporteseli.com\/index.php?rest_route=\/wp\/v2\/product\/41510","targetHints":{"allow":["GET"]}}],"collection":[{"href":"https:\/\/www.deporteseli.com\/index.php?rest_route=\/wp\/v2\/product"}],"about":[{"href":"https:\/\/www.deporteseli.com\/index.php?rest_route=\/wp\/v2\/types\/product"}],"wp:featuredmedia":[{"embeddable":true,"href":"https:\/\/www.deporteseli.com\/index.php?rest_route=\/wp\/v2\/media\/55186"}],"wp:attachment":[{"href":"https:\/\/www.deporteseli.com\/index.php?rest_route=%2Fwp%2Fv2%2Fmedia&parent=41510"}],"wp:term":[{"taxonomy":"product_brand","embeddable":true,"href":"https:\/\/www.deporteseli.com\/index.php?rest_route=%2Fwp%2Fv2%2Fproduct_brand&post=41510"},{"taxonomy":"product_cat","embeddable":true,"href":"https:\/\/www.deporteseli.com\/index.php?rest_route=%2Fwp%2Fv2%2Fproduct_cat&post=41510"},{"taxonomy":"product_tag","embeddable":true,"href":"https:\/\/www.deporteseli.com\/index.php?rest_route=%2Fwp%2Fv2%2Fproduct_tag&post=41510"}],"curies":[{"name":"wp","href":"https:\/\/api.w.org\/{rel}","templated":true}]}}