{"id":41506,"date":"2026-01-27T19:18:53","date_gmt":"2026-01-27T19:18:53","guid":{"rendered":"https:\/\/www.deporteseli.com\/?product=pant-puma-586834"},"modified":"2026-03-07T05:52:34","modified_gmt":"2026-03-07T05:52:34","slug":"pant-puma-586834","status":"publish","type":"product","link":"https:\/\/www.deporteseli.com\/?product=pant-puma-586834","title":{"rendered":"PANT PUMA 586834"},"content":{"rendered":"<p>En lo que respecta al estilo deportivo y elegante, PUMA lo hace mejor que nadie. Estas mallas cl\u00e1sicas de la colecci\u00f3n Essentials son un modelo b\u00e1sico estiloso y c\u00f3modo, elaborado con algod\u00f3n BCI pr\u00e9mium, que incorpora una cinturilla el\u00e1stica y luce el logotipo del PUMA en el tobillo.  CARACTER\u00cdSTICAS   BENEFICIOS  BCI: Al comprar productos de algod\u00f3n de PUMA, apoyas una producci\u00f3n m\u00e1s sostenible de algod\u00f3n mediante la Iniciativa del Mejor Algod\u00f3n (Better Cotton Initiative). M\u00e1s informaci\u00f3n en: bettercotton.org\/massbalance                                                                                                                                                                                                                                                                                                                                                                                                                                                                                                                                                                                                                                                                                                                                                                                                                                                                                                                                                                                                                                        <\/p>\n","protected":false},"excerpt":{"rendered":"<p>PANT PUMA 586834<\/p>\n","protected":false},"featured_media":55184,"template":"","meta":[],"product_brand":[],"product_cat":[281],"product_tag":[32],"class_list":{"0":"post-41506","1":"product","2":"type-product","3":"status-publish","4":"has-post-thumbnail","6":"product_cat-mujer_textil_mallas","7":"product_tag-puma","8":"pa_color-unico","9":"pa_talla-l","10":"pa_talla-m","11":"pa_talla-xs","12":"thunk-woo-product-list","13":"opn-qv-enable","14":"open-woo-hover-","15":"open-single-product-tab-horizontal","16":"open-shadow-","17":"open-shadow-hover-","19":"first","20":"instock","21":"shipping-taxable","22":"purchasable","23":"product-type-variable"},"jetpack_sharing_enabled":true,"_links":{"self":[{"href":"https:\/\/www.deporteseli.com\/index.php?rest_route=\/wp\/v2\/product\/41506","targetHints":{"allow":["GET"]}}],"collection":[{"href":"https:\/\/www.deporteseli.com\/index.php?rest_route=\/wp\/v2\/product"}],"about":[{"href":"https:\/\/www.deporteseli.com\/index.php?rest_route=\/wp\/v2\/types\/product"}],"wp:featuredmedia":[{"embeddable":true,"href":"https:\/\/www.deporteseli.com\/index.php?rest_route=\/wp\/v2\/media\/55184"}],"wp:attachment":[{"href":"https:\/\/www.deporteseli.com\/index.php?rest_route=%2Fwp%2Fv2%2Fmedia&parent=41506"}],"wp:term":[{"taxonomy":"product_brand","embeddable":true,"href":"https:\/\/www.deporteseli.com\/index.php?rest_route=%2Fwp%2Fv2%2Fproduct_brand&post=41506"},{"taxonomy":"product_cat","embeddable":true,"href":"https:\/\/www.deporteseli.com\/index.php?rest_route=%2Fwp%2Fv2%2Fproduct_cat&post=41506"},{"taxonomy":"product_tag","embeddable":true,"href":"https:\/\/www.deporteseli.com\/index.php?rest_route=%2Fwp%2Fv2%2Fproduct_tag&post=41506"}],"curies":[{"name":"wp","href":"https:\/\/api.w.org\/{rel}","templated":true}]}}