{"id":41501,"date":"2026-01-27T19:18:47","date_gmt":"2026-01-27T19:18:47","guid":{"rendered":"https:\/\/www.deporteseli.com\/?product=top-puma-525316"},"modified":"2026-03-07T05:52:27","modified_gmt":"2026-03-07T05:52:27","slug":"top-puma-525316","status":"publish","type":"product","link":"https:\/\/www.deporteseli.com\/?product=top-puma-525316","title":{"rendered":"TOP PUMA 525316"},"content":{"rendered":"<p>HISTORIA DEL PRODUCTO  Entrena m\u00e1s duro con este sujetador ajustado dise\u00f1ado para entrenamientos de alto impacto. Su construcci\u00f3n estabilizada con espalda cruzada y malla transpirable te permiten realizar ejercicios cardiovasculares exigentes. Mantente seco con un panel de malla en la espalda y la tecnolog\u00eda dryCELL que absorbe el sudor para mantenerte c\u00f3modo y poder concentrarte en tu entrenamiento.                                                                                                                                                                                                                                                                                                                                                                                                                                                                                                                                                                                                                                                                                                                                                                                                                                                                                                                                                                                                                                        <\/p>\n","protected":false},"excerpt":{"rendered":"<p>TOP PUMA 525316<\/p>\n","protected":false},"featured_media":55178,"template":"","meta":[],"product_brand":[],"product_cat":[275],"product_tag":[32],"class_list":{"0":"post-41501","1":"product","2":"type-product","3":"status-publish","4":"has-post-thumbnail","6":"product_cat-mujer_textil_top","7":"product_tag-puma","8":"pa_color-unico","9":"pa_talla-l","10":"thunk-woo-product-list","11":"opn-qv-enable","12":"open-woo-hover-","13":"open-single-product-tab-horizontal","14":"open-shadow-","15":"open-shadow-hover-","17":"first","18":"instock","19":"shipping-taxable","20":"purchasable","21":"product-type-variable"},"jetpack_sharing_enabled":true,"_links":{"self":[{"href":"https:\/\/www.deporteseli.com\/index.php?rest_route=\/wp\/v2\/product\/41501","targetHints":{"allow":["GET"]}}],"collection":[{"href":"https:\/\/www.deporteseli.com\/index.php?rest_route=\/wp\/v2\/product"}],"about":[{"href":"https:\/\/www.deporteseli.com\/index.php?rest_route=\/wp\/v2\/types\/product"}],"wp:featuredmedia":[{"embeddable":true,"href":"https:\/\/www.deporteseli.com\/index.php?rest_route=\/wp\/v2\/media\/55178"}],"wp:attachment":[{"href":"https:\/\/www.deporteseli.com\/index.php?rest_route=%2Fwp%2Fv2%2Fmedia&parent=41501"}],"wp:term":[{"taxonomy":"product_brand","embeddable":true,"href":"https:\/\/www.deporteseli.com\/index.php?rest_route=%2Fwp%2Fv2%2Fproduct_brand&post=41501"},{"taxonomy":"product_cat","embeddable":true,"href":"https:\/\/www.deporteseli.com\/index.php?rest_route=%2Fwp%2Fv2%2Fproduct_cat&post=41501"},{"taxonomy":"product_tag","embeddable":true,"href":"https:\/\/www.deporteseli.com\/index.php?rest_route=%2Fwp%2Fv2%2Fproduct_tag&post=41501"}],"curies":[{"name":"wp","href":"https:\/\/api.w.org\/{rel}","templated":true}]}}