{"id":41456,"date":"2026-01-27T19:17:43","date_gmt":"2026-01-27T19:17:43","guid":{"rendered":"https:\/\/www.deporteseli.com\/?product=zapatillas-lite-racer-3-0"},"modified":"2026-01-27T19:17:45","modified_gmt":"2026-01-27T19:17:45","slug":"zapatillas-lite-racer-3-0","status":"publish","type":"product","link":"https:\/\/www.deporteseli.com\/?product=zapatillas-lite-racer-3-0","title":{"rendered":"ZAPATILLAS LITE RACER 3.0"},"content":{"rendered":"<p>ZAPATILLAS LITE RACER 3.0  ZAPATOS INSPIRADOS EN EL RUNNING HECHOS PARA LA COMODIDAD DIARIA.  Algunos d\u00edas son sin parar. \u00bfQu\u00e9 mejor manera de mantenerse al d\u00eda que con el dise\u00f1o inspirado en el running de estos zapatos adidas? Afronta esa lista de tareas pendientes con la suave amortiguaci\u00f3n Cloudfoam que mantiene tus pies ligeros y luego dir\u00edgete a tus planes para la cena luciendo el estilo de las 3 Rayas.  Zapatillas Lite Racer 3.0 n\u00famero de imagen nuloZapatillas Lite Racer 3.0 n\u00famero de imagen nuloZapatillas Lite Racer 3.0 n\u00famero de imagen nuloZapatillas Lite Racer 3.0                                                                                                                                                                                                                                                                                                                                                                                                                                                                                                                                                                                                                                                                                                                                                                                                                                                                                                                                                                                                                                        <\/p>\n","protected":false},"excerpt":{"rendered":"<p>ZAPATILLAS LITE RACER 3.0<\/p>\n","protected":false},"featured_media":55150,"template":"","meta":[],"product_brand":[],"product_cat":[285],"product_tag":[18],"class_list":{"0":"post-41456","1":"product","2":"type-product","3":"status-publish","4":"has-post-thumbnail","6":"product_cat-mujer_calzado_running","7":"product_tag-adidas","8":"pa_color-unico","9":"pa_talla-39-5","10":"thunk-woo-product-list","11":"opn-qv-enable","12":"open-woo-hover-","13":"open-single-product-tab-horizontal","14":"open-shadow-","15":"open-shadow-hover-","17":"first","18":"instock","19":"sale","20":"shipping-taxable","21":"purchasable","22":"product-type-variable"},"jetpack_sharing_enabled":true,"_links":{"self":[{"href":"https:\/\/www.deporteseli.com\/index.php?rest_route=\/wp\/v2\/product\/41456","targetHints":{"allow":["GET"]}}],"collection":[{"href":"https:\/\/www.deporteseli.com\/index.php?rest_route=\/wp\/v2\/product"}],"about":[{"href":"https:\/\/www.deporteseli.com\/index.php?rest_route=\/wp\/v2\/types\/product"}],"wp:featuredmedia":[{"embeddable":true,"href":"https:\/\/www.deporteseli.com\/index.php?rest_route=\/wp\/v2\/media\/55150"}],"wp:attachment":[{"href":"https:\/\/www.deporteseli.com\/index.php?rest_route=%2Fwp%2Fv2%2Fmedia&parent=41456"}],"wp:term":[{"taxonomy":"product_brand","embeddable":true,"href":"https:\/\/www.deporteseli.com\/index.php?rest_route=%2Fwp%2Fv2%2Fproduct_brand&post=41456"},{"taxonomy":"product_cat","embeddable":true,"href":"https:\/\/www.deporteseli.com\/index.php?rest_route=%2Fwp%2Fv2%2Fproduct_cat&post=41456"},{"taxonomy":"product_tag","embeddable":true,"href":"https:\/\/www.deporteseli.com\/index.php?rest_route=%2Fwp%2Fv2%2Fproduct_tag&post=41456"}],"curies":[{"name":"wp","href":"https:\/\/api.w.org\/{rel}","templated":true}]}}