{"id":41453,"date":"2026-01-27T19:17:39","date_gmt":"2026-01-27T19:17:39","guid":{"rendered":"https:\/\/www.deporteseli.com\/?product=banador-slip-solid-2"},"modified":"2026-01-27T19:17:42","modified_gmt":"2026-01-27T19:17:42","slug":"banador-slip-solid-2","status":"publish","type":"product","link":"https:\/\/www.deporteseli.com\/?product=banador-slip-solid-2","title":{"rendered":"BA\u00f1ADOR SLIP SOLID"},"content":{"rendered":"<p>ESTILO Y COMODIDAD EN EL AGUA  El gimnasio no es el \u00fanico lugar donde mejorar tu fuerza y tu resistencia cardiovascular. Este ba\u00f1ador adidas se ha confeccionado en un tejido suave, c\u00f3modo y resistente al cloro que te permite nadar a diario. El logotipo de las 3 bandas en la cadera te ofrece un estilo sencillo.    Este producto se ha fabricado con diferentes materiales t\u00e9cnicos y contiene al menos un 70% de material reciclado. Su objetivo es plantear otra soluci\u00f3n m\u00e1s que ayude a eliminar los residuos pl\u00e1sticos.  Corte cl\u00e1sico  Cintura el\u00e1stica con cord\u00f3n interior  Punto 78% nailon reciclado \/ 22% elast\u00e1n  Tacto suave  Tejido Infinitex Fitness Eco resistente al cloro  Color del art\u00edculo: Black \/ White  N\u00famero de art\u00edculo: IA7086                                                                                                                                                                                                                                                                                                                                                                                                                                                                                                                                                                                                                                                                                                                                                                                                                                                                                                                                                                                                                                        <\/p>\n","protected":false},"excerpt":{"rendered":"<p>BA\u00f1ADOR SLIP SOLID<\/p>\n","protected":false},"featured_media":55146,"template":"","meta":[],"product_brand":[],"product_cat":[246],"product_tag":[18],"class_list":{"0":"post-41453","1":"product","2":"type-product","3":"status-publish","4":"has-post-thumbnail","6":"product_cat-hombre_textil_banadores","7":"product_tag-adidas","8":"pa_color-unico","9":"pa_talla-m","10":"pa_talla-s","11":"thunk-woo-product-list","12":"opn-qv-enable","13":"open-woo-hover-","14":"open-single-product-tab-horizontal","15":"open-shadow-","16":"open-shadow-hover-","18":"first","19":"instock","20":"shipping-taxable","21":"purchasable","22":"product-type-variable"},"jetpack_sharing_enabled":true,"_links":{"self":[{"href":"https:\/\/www.deporteseli.com\/index.php?rest_route=\/wp\/v2\/product\/41453","targetHints":{"allow":["GET"]}}],"collection":[{"href":"https:\/\/www.deporteseli.com\/index.php?rest_route=\/wp\/v2\/product"}],"about":[{"href":"https:\/\/www.deporteseli.com\/index.php?rest_route=\/wp\/v2\/types\/product"}],"wp:featuredmedia":[{"embeddable":true,"href":"https:\/\/www.deporteseli.com\/index.php?rest_route=\/wp\/v2\/media\/55146"}],"wp:attachment":[{"href":"https:\/\/www.deporteseli.com\/index.php?rest_route=%2Fwp%2Fv2%2Fmedia&parent=41453"}],"wp:term":[{"taxonomy":"product_brand","embeddable":true,"href":"https:\/\/www.deporteseli.com\/index.php?rest_route=%2Fwp%2Fv2%2Fproduct_brand&post=41453"},{"taxonomy":"product_cat","embeddable":true,"href":"https:\/\/www.deporteseli.com\/index.php?rest_route=%2Fwp%2Fv2%2Fproduct_cat&post=41453"},{"taxonomy":"product_tag","embeddable":true,"href":"https:\/\/www.deporteseli.com\/index.php?rest_route=%2Fwp%2Fv2%2Fproduct_tag&post=41453"}],"curies":[{"name":"wp","href":"https:\/\/api.w.org\/{rel}","templated":true}]}}