{"id":41447,"date":"2026-01-27T19:17:31","date_gmt":"2026-01-27T19:17:31","guid":{"rendered":"https:\/\/www.deporteseli.com\/?product=camisa-asics-2012c335"},"modified":"2026-03-07T05:51:47","modified_gmt":"2026-03-07T05:51:47","slug":"camisa-asics-2012c335","status":"publish","type":"product","link":"https:\/\/www.deporteseli.com\/?product=camisa-asics-2012c335","title":{"rendered":"CAMISA ASICS 2012C335"},"content":{"rendered":"<p>Descripci\u00f3n  Tanto si eres de maratones, como si te van m\u00e1s las distancias cortas, esta camiseta de ASICS especializada en running es perfecta para ti. Esta prenda ha sido elaborada en un tejido de punto suave, agradable y c\u00f3modo, que adem\u00e1s est\u00e1 preparado para absorber la humedad cuando comiences a sudar durante el entrenamiento. No solo sentir\u00e1s tu piel fresca y seca, sino que adem\u00e1s te sentir\u00e1s a gusto sabiendo que luces una prenda sostenible que ha sido elaborada de forma responsable con materiales reciclados. P\u00f3ntela para entrenamientos y carreras con tus shorts y pantalones ASICS favoritos.    Caracter\u00edsticas  Manga corta  El 50 % o m\u00e1s del material principal de esta prenda proviene de materiales reciclados.  C\u00f3modo tejido de punto  Excelentes propiedades de control de la humedad                                                                                                                                                                                                                                                                                                                                                                                                                                                                                                                                                                                                                                                                                                                                                                                                                                                                                                                                                                                                                                        <\/p>\n","protected":false},"excerpt":{"rendered":"<p>CAMISA ASICS 2012C335<\/p>\n","protected":false},"featured_media":55140,"template":"","meta":[],"product_brand":[],"product_cat":[364],"product_tag":[19],"class_list":{"0":"post-41447","1":"product","2":"type-product","3":"status-publish","4":"has-post-thumbnail","6":"product_cat-padel_y_tenis_textil_camisas","7":"product_tag-asics","8":"pa_color-unico","9":"pa_talla-xl","10":"thunk-woo-product-list","11":"opn-qv-enable","12":"open-woo-hover-","13":"open-single-product-tab-horizontal","14":"open-shadow-","15":"open-shadow-hover-","17":"first","18":"instock","19":"shipping-taxable","20":"purchasable","21":"product-type-variable"},"jetpack_sharing_enabled":true,"_links":{"self":[{"href":"https:\/\/www.deporteseli.com\/index.php?rest_route=\/wp\/v2\/product\/41447","targetHints":{"allow":["GET"]}}],"collection":[{"href":"https:\/\/www.deporteseli.com\/index.php?rest_route=\/wp\/v2\/product"}],"about":[{"href":"https:\/\/www.deporteseli.com\/index.php?rest_route=\/wp\/v2\/types\/product"}],"wp:featuredmedia":[{"embeddable":true,"href":"https:\/\/www.deporteseli.com\/index.php?rest_route=\/wp\/v2\/media\/55140"}],"wp:attachment":[{"href":"https:\/\/www.deporteseli.com\/index.php?rest_route=%2Fwp%2Fv2%2Fmedia&parent=41447"}],"wp:term":[{"taxonomy":"product_brand","embeddable":true,"href":"https:\/\/www.deporteseli.com\/index.php?rest_route=%2Fwp%2Fv2%2Fproduct_brand&post=41447"},{"taxonomy":"product_cat","embeddable":true,"href":"https:\/\/www.deporteseli.com\/index.php?rest_route=%2Fwp%2Fv2%2Fproduct_cat&post=41447"},{"taxonomy":"product_tag","embeddable":true,"href":"https:\/\/www.deporteseli.com\/index.php?rest_route=%2Fwp%2Fv2%2Fproduct_tag&post=41447"}],"curies":[{"name":"wp","href":"https:\/\/api.w.org\/{rel}","templated":true}]}}