{"id":41438,"date":"2026-01-27T19:17:18","date_gmt":"2026-01-27T19:17:18","guid":{"rendered":"https:\/\/www.deporteseli.com\/?product=sujetador-deportivo-id-train"},"modified":"2026-03-07T05:51:38","modified_gmt":"2026-03-07T05:51:38","slug":"sujetador-deportivo-id-train","status":"publish","type":"product","link":"https:\/\/www.deporteseli.com\/?product=sujetador-deportivo-id-train","title":{"rendered":"SUJETADOR DEPORTIVO ID TRAIN"},"content":{"rendered":"<p>UN SUJETADOR DE ENTRENAMIENTO QUE NO SE CONfundIR\u00c1 CON EL FONDO    Este sujetador de entrenamiento ID fusiona una silueta probada con un estampado abstracto de inspiraci\u00f3n floral. Est\u00e1 confeccionado con tejido RBK-DRY que capilariza el sudor y cuenta con una espalda de nadador que permite una gama completa de movimiento. Las almohadillas extra\u00edbles brindan soporte personalizado.  Gris claro, rosa claro, blanco.  RBK-DRY  Impresi\u00f3n gr\u00e1fica  cuello en V  Tirantes delgados  Acolchado extra\u00edble  Logotipo estampado en la parte delantera  espalda de corredor  Recorte en la espalda  Corte ajustado  ID de estilo: 100076296                                                                                                                                                                                                                                                                                                                                                                                                                                                                                                                                                                                                                                                                                                                                                                                                                                                                                                                                                                                                                                        <\/p>\n","protected":false},"excerpt":{"rendered":"<p>SUJETADOR DEPORTIVO ID TRAIN<\/p>\n","protected":false},"featured_media":55123,"template":"","meta":[],"product_brand":[],"product_cat":[275],"product_tag":[41],"class_list":{"0":"post-41438","1":"product","2":"type-product","3":"status-publish","4":"has-post-thumbnail","6":"product_cat-mujer_textil_top","7":"product_tag-reebok","8":"pa_color-unico","9":"pa_talla-l","10":"thunk-woo-product-list","11":"opn-qv-enable","12":"open-woo-hover-","13":"open-single-product-tab-horizontal","14":"open-shadow-","15":"open-shadow-hover-","17":"first","18":"instock","19":"shipping-taxable","20":"purchasable","21":"product-type-variable"},"jetpack_sharing_enabled":true,"_links":{"self":[{"href":"https:\/\/www.deporteseli.com\/index.php?rest_route=\/wp\/v2\/product\/41438","targetHints":{"allow":["GET"]}}],"collection":[{"href":"https:\/\/www.deporteseli.com\/index.php?rest_route=\/wp\/v2\/product"}],"about":[{"href":"https:\/\/www.deporteseli.com\/index.php?rest_route=\/wp\/v2\/types\/product"}],"wp:featuredmedia":[{"embeddable":true,"href":"https:\/\/www.deporteseli.com\/index.php?rest_route=\/wp\/v2\/media\/55123"}],"wp:attachment":[{"href":"https:\/\/www.deporteseli.com\/index.php?rest_route=%2Fwp%2Fv2%2Fmedia&parent=41438"}],"wp:term":[{"taxonomy":"product_brand","embeddable":true,"href":"https:\/\/www.deporteseli.com\/index.php?rest_route=%2Fwp%2Fv2%2Fproduct_brand&post=41438"},{"taxonomy":"product_cat","embeddable":true,"href":"https:\/\/www.deporteseli.com\/index.php?rest_route=%2Fwp%2Fv2%2Fproduct_cat&post=41438"},{"taxonomy":"product_tag","embeddable":true,"href":"https:\/\/www.deporteseli.com\/index.php?rest_route=%2Fwp%2Fv2%2Fproduct_tag&post=41438"}],"curies":[{"name":"wp","href":"https:\/\/api.w.org\/{rel}","templated":true}]}}