{"id":41433,"date":"2026-01-27T19:17:09","date_gmt":"2026-01-27T19:17:09","guid":{"rendered":"https:\/\/www.deporteseli.com\/?product=zapatillas-classic-leather"},"modified":"2026-03-16T11:34:31","modified_gmt":"2026-03-16T11:34:31","slug":"zapatillas-classic-leather","status":"publish","type":"product","link":"https:\/\/www.deporteseli.com\/?product=zapatillas-classic-leather","title":{"rendered":"ZAPATILLAS CLASSIC LEATHER"},"content":{"rendered":"<p>ZAPATILLAS DE CUERO VERS\u00c1TILES QUE SON UN CL\u00c1SICO FAVORITO    El dise\u00f1o limpio y minimalista mantiene tu look siempre fresco. Considera estas zapatillas Classic Leather de Reebok tu lienzo en blanco para el estilo. Las l\u00edneas n\u00edtidas y los colores s\u00f3lidos hacen que sea f\u00e1cil combinarlas con cualquier cosa. Adem\u00e1s, una entresuela acolchada y un forro suave a\u00f1aden comodidad sin parar.  Parte superior de cuero  Cierre con cordones  Entresuela EVA  Suela de goma resistente a la abrasi\u00f3n  Forro textil                                                                                                                                                                                                                                                                                                                                                                                                                                                                                                                                                                                                                                                                                                                                                                                                                                                                                                                                                                                                                                        <\/p>\n","protected":false},"excerpt":{"rendered":"<p>ZAPATILLAS CLASSIC LEATHER<\/p>\n","protected":false},"featured_media":55119,"template":"","meta":[],"product_brand":[],"product_cat":[261],"product_tag":[41],"class_list":{"0":"post-41433","1":"product","2":"type-product","3":"status-publish","4":"has-post-thumbnail","6":"product_cat-hombre_calzado_casual","7":"product_tag-reebok","8":"pa_color-unico","9":"pa_talla-151","10":"pa_talla-153","11":"pa_talla-42-5","12":"pa_talla-155","13":"pa_talla-157","14":"pa_talla-44-5","15":"pa_talla-159","16":"pa_talla-45-5","17":"thunk-woo-product-list","18":"opn-qv-enable","19":"open-woo-hover-","20":"open-single-product-tab-horizontal","21":"open-shadow-","22":"open-shadow-hover-","24":"first","25":"instock","26":"shipping-taxable","27":"purchasable","28":"product-type-variable"},"jetpack_sharing_enabled":true,"_links":{"self":[{"href":"https:\/\/www.deporteseli.com\/index.php?rest_route=\/wp\/v2\/product\/41433","targetHints":{"allow":["GET"]}}],"collection":[{"href":"https:\/\/www.deporteseli.com\/index.php?rest_route=\/wp\/v2\/product"}],"about":[{"href":"https:\/\/www.deporteseli.com\/index.php?rest_route=\/wp\/v2\/types\/product"}],"wp:featuredmedia":[{"embeddable":true,"href":"https:\/\/www.deporteseli.com\/index.php?rest_route=\/wp\/v2\/media\/55119"}],"wp:attachment":[{"href":"https:\/\/www.deporteseli.com\/index.php?rest_route=%2Fwp%2Fv2%2Fmedia&parent=41433"}],"wp:term":[{"taxonomy":"product_brand","embeddable":true,"href":"https:\/\/www.deporteseli.com\/index.php?rest_route=%2Fwp%2Fv2%2Fproduct_brand&post=41433"},{"taxonomy":"product_cat","embeddable":true,"href":"https:\/\/www.deporteseli.com\/index.php?rest_route=%2Fwp%2Fv2%2Fproduct_cat&post=41433"},{"taxonomy":"product_tag","embeddable":true,"href":"https:\/\/www.deporteseli.com\/index.php?rest_route=%2Fwp%2Fv2%2Fproduct_tag&post=41433"}],"curies":[{"name":"wp","href":"https:\/\/api.w.org\/{rel}","templated":true}]}}