{"id":41431,"date":"2026-01-27T19:17:06","date_gmt":"2026-01-27T19:17:06","guid":{"rendered":"https:\/\/www.deporteseli.com\/?product=zapatillas-reebok-court-clean"},"modified":"2026-01-27T19:17:08","modified_gmt":"2026-01-27T19:17:08","slug":"zapatillas-reebok-court-clean","status":"publish","type":"product","link":"https:\/\/www.deporteseli.com\/?product=zapatillas-reebok-court-clean","title":{"rendered":"ZAPATILLAS REEBOK COURT CLEAN"},"content":{"rendered":"<p>UNA VERSI\u00d3N MINIMALISTA DE LOS MODELOS DE TENIS VINTAGE    Un dise\u00f1o minimalista inspirado en los modelos cl\u00e1sicos de tenis. Las Reebok Court Clean presentan una silueta de ca\u00f1a baja adornada con costuras que forman el logo Vector. Los logos retro, la plantilla de EVA y la suela de goma duradera completan el dise\u00f1o.  Blanco y azul marino  Parte superior de cuero sint\u00e9tico y tejido  Logo estampado en el tal\u00f3n y el lateral  Plantilla acolchada  Parche del logo en la leng\u00fceta  Perforaciones en el lateral  Entresuela de espuma  Suela de goma con logo en relieve  Cierre con cordones en la parte delantera  ID del modelo: 100074364                                                                                                                                                                                                                                                                                                                                                                                                                                                                                                                                                                                                                                                                                                                                                                                                                                                                                                                                                                                                                                        <\/p>\n","protected":false},"excerpt":{"rendered":"<p>ZAPATILLAS REEBOK COURT CLEAN<\/p>\n","protected":false},"featured_media":55115,"template":"","meta":[],"product_brand":[],"product_cat":[261],"product_tag":[41],"class_list":{"0":"post-41431","1":"product","2":"type-product","3":"status-publish","4":"has-post-thumbnail","6":"product_cat-hombre_calzado_casual","7":"product_tag-reebok","8":"pa_color-unico","9":"pa_talla-153","10":"thunk-woo-product-list","11":"opn-qv-enable","12":"open-woo-hover-","13":"open-single-product-tab-horizontal","14":"open-shadow-","15":"open-shadow-hover-","17":"first","18":"instock","19":"sale","20":"shipping-taxable","21":"purchasable","22":"product-type-variable"},"jetpack_sharing_enabled":true,"_links":{"self":[{"href":"https:\/\/www.deporteseli.com\/index.php?rest_route=\/wp\/v2\/product\/41431","targetHints":{"allow":["GET"]}}],"collection":[{"href":"https:\/\/www.deporteseli.com\/index.php?rest_route=\/wp\/v2\/product"}],"about":[{"href":"https:\/\/www.deporteseli.com\/index.php?rest_route=\/wp\/v2\/types\/product"}],"wp:featuredmedia":[{"embeddable":true,"href":"https:\/\/www.deporteseli.com\/index.php?rest_route=\/wp\/v2\/media\/55115"}],"wp:attachment":[{"href":"https:\/\/www.deporteseli.com\/index.php?rest_route=%2Fwp%2Fv2%2Fmedia&parent=41431"}],"wp:term":[{"taxonomy":"product_brand","embeddable":true,"href":"https:\/\/www.deporteseli.com\/index.php?rest_route=%2Fwp%2Fv2%2Fproduct_brand&post=41431"},{"taxonomy":"product_cat","embeddable":true,"href":"https:\/\/www.deporteseli.com\/index.php?rest_route=%2Fwp%2Fv2%2Fproduct_cat&post=41431"},{"taxonomy":"product_tag","embeddable":true,"href":"https:\/\/www.deporteseli.com\/index.php?rest_route=%2Fwp%2Fv2%2Fproduct_tag&post=41431"}],"curies":[{"name":"wp","href":"https:\/\/api.w.org\/{rel}","templated":true}]}}