{"id":41423,"date":"2026-01-27T19:16:57","date_gmt":"2026-01-27T19:16:57","guid":{"rendered":"https:\/\/www.deporteseli.com\/?product=tenis-royal-prime-2-0"},"modified":"2026-04-10T04:17:35","modified_gmt":"2026-04-10T04:17:35","slug":"tenis-royal-prime-2-0","status":"publish","type":"product","link":"https:\/\/www.deporteseli.com\/?product=tenis-royal-prime-2-0","title":{"rendered":"TENIS ROYAL PRIME 2.0"},"content":{"rendered":"<p>Descripci\u00f3n  Zapatillas ni\u00f1os Reebok Classics Royal Prime 2  Un estilo moderno con la m\u00e1xima potencia. Este modelo de ni\u00f1o es todo minimalismo con su parte superior monocrom\u00e1tica. Est\u00e1 disponible en blanco o negro. Gracias a la suela de goma ultrarresistente, su hijo podr\u00e1 jugar a los juegos m\u00e1s bulliciosos sin riesgo de sufrir da\u00f1os.    Un zapato retro para peque\u00f1os influencers  Parte superior sint\u00e9tica.  Suela de goma ultrarresistente para una mejor respuesta.                                                                                                                                                                                                                                                                                                                                                                                                                                                                                                                                                                                                                                                                                                                                                                                                                                                                                                                                                                                                                                        <\/p>\n","protected":false},"excerpt":{"rendered":"<p>TENIS ROYAL PRIME 2.0<\/p>\n","protected":false},"featured_media":55111,"template":"","meta":[],"product_brand":[],"product_cat":[310],"product_tag":[41],"class_list":{"0":"post-41423","1":"product","2":"type-product","3":"status-publish","4":"has-post-thumbnail","6":"product_cat-nino_calzado_casual","7":"product_tag-reebok","8":"pa_color-unico","9":"pa_talla-34-5","10":"pa_talla-141","11":"pa_talla-36-5","12":"pa_talla-143","13":"pa_talla-145","14":"pa_talla-38-5","15":"pa_talla-147","16":"thunk-woo-product-list","17":"opn-qv-enable","18":"open-woo-hover-","19":"open-single-product-tab-horizontal","20":"open-shadow-","21":"open-shadow-hover-","23":"first","24":"instock","25":"sale","26":"shipping-taxable","27":"purchasable","28":"product-type-variable"},"jetpack_sharing_enabled":true,"_links":{"self":[{"href":"https:\/\/www.deporteseli.com\/index.php?rest_route=\/wp\/v2\/product\/41423","targetHints":{"allow":["GET"]}}],"collection":[{"href":"https:\/\/www.deporteseli.com\/index.php?rest_route=\/wp\/v2\/product"}],"about":[{"href":"https:\/\/www.deporteseli.com\/index.php?rest_route=\/wp\/v2\/types\/product"}],"wp:featuredmedia":[{"embeddable":true,"href":"https:\/\/www.deporteseli.com\/index.php?rest_route=\/wp\/v2\/media\/55111"}],"wp:attachment":[{"href":"https:\/\/www.deporteseli.com\/index.php?rest_route=%2Fwp%2Fv2%2Fmedia&parent=41423"}],"wp:term":[{"taxonomy":"product_brand","embeddable":true,"href":"https:\/\/www.deporteseli.com\/index.php?rest_route=%2Fwp%2Fv2%2Fproduct_brand&post=41423"},{"taxonomy":"product_cat","embeddable":true,"href":"https:\/\/www.deporteseli.com\/index.php?rest_route=%2Fwp%2Fv2%2Fproduct_cat&post=41423"},{"taxonomy":"product_tag","embeddable":true,"href":"https:\/\/www.deporteseli.com\/index.php?rest_route=%2Fwp%2Fv2%2Fproduct_tag&post=41423"}],"curies":[{"name":"wp","href":"https:\/\/api.w.org\/{rel}","templated":true}]}}