{"id":41418,"date":"2026-01-27T19:16:50","date_gmt":"2026-01-27T19:16:50","guid":{"rendered":"https:\/\/www.deporteseli.com\/?product=zapatillas-reebok-rush-runner-5"},"modified":"2026-01-27T19:16:56","modified_gmt":"2026-01-27T19:16:56","slug":"zapatillas-reebok-rush-runner-5","status":"publish","type":"product","link":"https:\/\/www.deporteseli.com\/?product=zapatillas-reebok-rush-runner-5","title":{"rendered":"ZAPATILLAS REEBOK RUSH RUNNER 5"},"content":{"rendered":"<p>UN LIGERO CALZADO DEPORTIVO    Las Rush Runner 5 llegan fusionando todos los detalles pr\u00e1cticos de su predecesor y con un acolchado adicional para mayor comodidad. La parte superior de malla ligera, la suela acolchada y las leng\u00fcetas en el tal\u00f3n aseguran que son aptas para el parque o la pista deportiva. Los logos Vector y de la marca a\u00f1aden el toque de estilo atl\u00e9tico.                                                                                                                                                                                                                                                                                                                                                                                                                                                                                                                                                                                                                                                                                                                                                                                                                                                                                                                                                                                                                                        <\/p>\n","protected":false},"excerpt":{"rendered":"<p>ZAPATILLAS REEBOK RUSH RUNNER 5<\/p>\n","protected":false},"featured_media":55107,"template":"","meta":[],"product_brand":[],"product_cat":[390],"product_tag":[41],"class_list":{"0":"post-41418","1":"product","2":"type-product","3":"status-publish","4":"has-post-thumbnail","6":"product_cat-ninas_calzado_running","7":"product_tag-reebok","8":"pa_color-unico","9":"pa_talla-36-5","10":"pa_talla-143","11":"pa_talla-145","12":"pa_talla-38-5","13":"thunk-woo-product-list","14":"opn-qv-enable","15":"open-woo-hover-","16":"open-single-product-tab-horizontal","17":"open-shadow-","18":"open-shadow-hover-","20":"first","21":"instock","22":"sale","23":"shipping-taxable","24":"purchasable","25":"product-type-variable"},"jetpack_sharing_enabled":true,"_links":{"self":[{"href":"https:\/\/www.deporteseli.com\/index.php?rest_route=\/wp\/v2\/product\/41418","targetHints":{"allow":["GET"]}}],"collection":[{"href":"https:\/\/www.deporteseli.com\/index.php?rest_route=\/wp\/v2\/product"}],"about":[{"href":"https:\/\/www.deporteseli.com\/index.php?rest_route=\/wp\/v2\/types\/product"}],"wp:featuredmedia":[{"embeddable":true,"href":"https:\/\/www.deporteseli.com\/index.php?rest_route=\/wp\/v2\/media\/55107"}],"wp:attachment":[{"href":"https:\/\/www.deporteseli.com\/index.php?rest_route=%2Fwp%2Fv2%2Fmedia&parent=41418"}],"wp:term":[{"taxonomy":"product_brand","embeddable":true,"href":"https:\/\/www.deporteseli.com\/index.php?rest_route=%2Fwp%2Fv2%2Fproduct_brand&post=41418"},{"taxonomy":"product_cat","embeddable":true,"href":"https:\/\/www.deporteseli.com\/index.php?rest_route=%2Fwp%2Fv2%2Fproduct_cat&post=41418"},{"taxonomy":"product_tag","embeddable":true,"href":"https:\/\/www.deporteseli.com\/index.php?rest_route=%2Fwp%2Fv2%2Fproduct_tag&post=41418"}],"curies":[{"name":"wp","href":"https:\/\/api.w.org\/{rel}","templated":true}]}}