{"id":41415,"date":"2026-01-27T19:16:46","date_gmt":"2026-01-27T19:16:46","guid":{"rendered":"https:\/\/www.deporteseli.com\/?product=camiseta-nino-u-tr-es-logo"},"modified":"2026-03-07T05:51:34","modified_gmt":"2026-03-07T05:51:34","slug":"camiseta-nino-u-tr-es-logo","status":"publish","type":"product","link":"https:\/\/www.deporteseli.com\/?product=camiseta-nino-u-tr-es-logo","title":{"rendered":"CAMISETA NI\u00f1O U TR-ES LOGO"},"content":{"rendered":"<p>Viste con autenticidad y comodidad con la Camiseta adidas U TR-ES Logo T. Dise\u00f1ada para aquellos que buscan destacar en sus sesiones de entrenamiento y actividades diarias, esta camiseta combina estilo deportivo con un ajuste c\u00f3modo para proporcionar un rendimiento excepcional. Desde tus sesiones de entrenamiento en el gimnasio hasta tus actividades diarias, la Camiseta adidas U TR-ES Logo T se adapta a tu estilo de vida activo y moderno. Descubre c\u00f3mo esta camiseta se convierte en tu elecci\u00f3n preferida para lucir con confianza en cualquier ocasi\u00f3n.                                                                                                                                                                                                                                                                                                                                                                                                                                                                                                                                                                                                                                                                                                                                                                                                                                                                                                                                                                                                                                        <\/p>\n","protected":false},"excerpt":{"rendered":"<p>CAMISETA NI\u00f1O U TR-ES LOGO<\/p>\n","protected":false},"featured_media":55105,"template":"","meta":[],"product_brand":[],"product_cat":[296],"product_tag":[18],"class_list":{"0":"post-41415","1":"product","2":"type-product","3":"status-publish","4":"has-post-thumbnail","6":"product_cat-nino_textil_camisetas","7":"product_tag-adidas","8":"pa_color-unico","9":"pa_talla-t-12","10":"pa_talla-t-8","11":"thunk-woo-product-list","12":"opn-qv-enable","13":"open-woo-hover-","14":"open-single-product-tab-horizontal","15":"open-shadow-","16":"open-shadow-hover-","18":"first","19":"instock","20":"shipping-taxable","21":"purchasable","22":"product-type-variable"},"jetpack_sharing_enabled":true,"_links":{"self":[{"href":"https:\/\/www.deporteseli.com\/index.php?rest_route=\/wp\/v2\/product\/41415","targetHints":{"allow":["GET"]}}],"collection":[{"href":"https:\/\/www.deporteseli.com\/index.php?rest_route=\/wp\/v2\/product"}],"about":[{"href":"https:\/\/www.deporteseli.com\/index.php?rest_route=\/wp\/v2\/types\/product"}],"wp:featuredmedia":[{"embeddable":true,"href":"https:\/\/www.deporteseli.com\/index.php?rest_route=\/wp\/v2\/media\/55105"}],"wp:attachment":[{"href":"https:\/\/www.deporteseli.com\/index.php?rest_route=%2Fwp%2Fv2%2Fmedia&parent=41415"}],"wp:term":[{"taxonomy":"product_brand","embeddable":true,"href":"https:\/\/www.deporteseli.com\/index.php?rest_route=%2Fwp%2Fv2%2Fproduct_brand&post=41415"},{"taxonomy":"product_cat","embeddable":true,"href":"https:\/\/www.deporteseli.com\/index.php?rest_route=%2Fwp%2Fv2%2Fproduct_cat&post=41415"},{"taxonomy":"product_tag","embeddable":true,"href":"https:\/\/www.deporteseli.com\/index.php?rest_route=%2Fwp%2Fv2%2Fproduct_tag&post=41415"}],"curies":[{"name":"wp","href":"https:\/\/api.w.org\/{rel}","templated":true}]}}