{"id":41410,"date":"2026-01-27T19:16:39","date_gmt":"2026-01-27T19:16:39","guid":{"rendered":"https:\/\/www.deporteseli.com\/?product=banador-colorblock-clx"},"modified":"2026-03-07T05:51:31","modified_gmt":"2026-03-07T05:51:31","slug":"banador-colorblock-clx","status":"publish","type":"product","link":"https:\/\/www.deporteseli.com\/?product=banador-colorblock-clx","title":{"rendered":"BA\u00f1ADOR COLORBLOCK CLX"},"content":{"rendered":"<p>ESTILO Y COMODIDAD EN EL AGUA  Deportivo y sofisticado, este ba\u00f1ador adidas presenta un dise\u00f1o con bloques de color en combinaci\u00f3n con un forro de malla que te ofrece una total comodidad. Tanto si te apetece practicar paddle surf como si prefieres dar un relajante paseo por la orilla, la cintura el\u00e1stica te proporciona un ajuste perfecto para que nada te distraiga de tus actividades veraniegas.    Este producto se ha fabricado con un 100% de materiales reciclados. Utilizando materiales reciclados, reducimos los residuos, nuestra dependencia de los recursos finitos y la huella que generan los productos que fabricamos.  Longitud: 40 cm (talla M)  Cintura el\u00e1stica con cord\u00f3n  Sarga 100% poli\u00e9ster reciclado  Calzoncillo interior de malla  Bolsillos frontales  Dise\u00f1o con bloques de color  Color del art\u00edculo: Aurora Black \/ Green Spark  N\u00famero de art\u00edculo: IR6226                                                                                                                                                                                                                                                                                                                                                                                                                                                                                                                                                                                                                                                                                                                                                                                                                                                                                                                                                                                                                                        <\/p>\n","protected":false},"excerpt":{"rendered":"<p>BA\u00f1ADOR COLORBLOCK CLX<\/p>\n","protected":false},"featured_media":55102,"template":"","meta":[],"product_brand":[],"product_cat":[246],"product_tag":[18],"class_list":{"0":"post-41410","1":"product","2":"type-product","3":"status-publish","4":"has-post-thumbnail","6":"product_cat-hombre_textil_banadores","7":"product_tag-adidas","8":"pa_color-unico","9":"pa_talla-l","10":"pa_talla-m","11":"pa_talla-s","12":"pa_talla-xl","13":"thunk-woo-product-list","14":"opn-qv-enable","15":"open-woo-hover-","16":"open-single-product-tab-horizontal","17":"open-shadow-","18":"open-shadow-hover-","20":"first","21":"instock","22":"shipping-taxable","23":"purchasable","24":"product-type-variable"},"jetpack_sharing_enabled":true,"_links":{"self":[{"href":"https:\/\/www.deporteseli.com\/index.php?rest_route=\/wp\/v2\/product\/41410","targetHints":{"allow":["GET"]}}],"collection":[{"href":"https:\/\/www.deporteseli.com\/index.php?rest_route=\/wp\/v2\/product"}],"about":[{"href":"https:\/\/www.deporteseli.com\/index.php?rest_route=\/wp\/v2\/types\/product"}],"wp:featuredmedia":[{"embeddable":true,"href":"https:\/\/www.deporteseli.com\/index.php?rest_route=\/wp\/v2\/media\/55102"}],"wp:attachment":[{"href":"https:\/\/www.deporteseli.com\/index.php?rest_route=%2Fwp%2Fv2%2Fmedia&parent=41410"}],"wp:term":[{"taxonomy":"product_brand","embeddable":true,"href":"https:\/\/www.deporteseli.com\/index.php?rest_route=%2Fwp%2Fv2%2Fproduct_brand&post=41410"},{"taxonomy":"product_cat","embeddable":true,"href":"https:\/\/www.deporteseli.com\/index.php?rest_route=%2Fwp%2Fv2%2Fproduct_cat&post=41410"},{"taxonomy":"product_tag","embeddable":true,"href":"https:\/\/www.deporteseli.com\/index.php?rest_route=%2Fwp%2Fv2%2Fproduct_tag&post=41410"}],"curies":[{"name":"wp","href":"https:\/\/api.w.org\/{rel}","templated":true}]}}