{"id":41408,"date":"2026-01-27T19:16:35","date_gmt":"2026-01-27T19:16:35","guid":{"rendered":"https:\/\/www.deporteseli.com\/?product=conjunto-adidas-3bandas-infantil-blanco-azul"},"modified":"2026-03-07T05:51:24","modified_gmt":"2026-03-07T05:51:24","slug":"conjunto-adidas-3bandas-infantil-blanco-azul","status":"publish","type":"product","link":"https:\/\/www.deporteseli.com\/?product=conjunto-adidas-3bandas-infantil-blanco-azul","title":{"rendered":"CONJUNTO ADIDAS 3BANDAS INFANTIL BLANCO AZUL"},"content":{"rendered":"<p>Descripci\u00f3n  Este conjunto adidas Lk 3S Co Set Infantil Blanco est\u00e1 dise\u00f1ado para que tu peque\u00f1o se mueva con total libertad. Fabricado con un suave tejido de algod\u00f3n, es perfecto para jugar en el parque o estar en casa durante todo el a\u00f1o. La camiseta y el pantal\u00f3n corto cuentan con las ic\u00f3nicas 3 bandas de adidas, a\u00f1adiendo un toque deportivo. Adem\u00e1s, nuestros productos de algod\u00f3n se han fabricado de forma sostenible. La camiseta tiene un corte cl\u00e1sico y un cuello redondo de canal\u00e9, mientras que el pantal\u00f3n corto cuenta con una cintura el\u00e1stica con cord\u00f3n para un ajuste c\u00f3modo. Este conjunto ha sido creado en colaboraci\u00f3n con Better Cotton, garantizando la calidad y el compromiso con el medio ambiente.  Corte cl\u00e1sico  Camiseta: cuello redondo de canal\u00e9  Punto 100% algod\u00f3n  Pantal\u00f3n corto: cintura el\u00e1stica con cord\u00f3n  Producto creado en colaboraci\u00f3n con Better Cotton                                                                                                                                                                                                                                                                                                                                                                                                                                                                                                                                                                                                                                                                                                                                                                                                                                                                                                                                                                                                                                        <\/p>\n","protected":false},"excerpt":{"rendered":"<p>CONJUNTO ADIDAS 3BANDAS INFANTIL BLANCO AZUL<\/p>\n","protected":false},"featured_media":55099,"template":"","meta":[],"product_brand":[],"product_cat":[297],"product_tag":[18],"class_list":{"0":"post-41408","1":"product","2":"type-product","3":"status-publish","4":"has-post-thumbnail","6":"product_cat-nino_textil_conjuntos","7":"product_tag-adidas","8":"pa_color-unico","9":"pa_talla-t-4","10":"thunk-woo-product-list","11":"opn-qv-enable","12":"open-woo-hover-","13":"open-single-product-tab-horizontal","14":"open-shadow-","15":"open-shadow-hover-","17":"first","18":"instock","19":"shipping-taxable","20":"purchasable","21":"product-type-variable"},"jetpack_sharing_enabled":true,"_links":{"self":[{"href":"https:\/\/www.deporteseli.com\/index.php?rest_route=\/wp\/v2\/product\/41408","targetHints":{"allow":["GET"]}}],"collection":[{"href":"https:\/\/www.deporteseli.com\/index.php?rest_route=\/wp\/v2\/product"}],"about":[{"href":"https:\/\/www.deporteseli.com\/index.php?rest_route=\/wp\/v2\/types\/product"}],"wp:featuredmedia":[{"embeddable":true,"href":"https:\/\/www.deporteseli.com\/index.php?rest_route=\/wp\/v2\/media\/55099"}],"wp:attachment":[{"href":"https:\/\/www.deporteseli.com\/index.php?rest_route=%2Fwp%2Fv2%2Fmedia&parent=41408"}],"wp:term":[{"taxonomy":"product_brand","embeddable":true,"href":"https:\/\/www.deporteseli.com\/index.php?rest_route=%2Fwp%2Fv2%2Fproduct_brand&post=41408"},{"taxonomy":"product_cat","embeddable":true,"href":"https:\/\/www.deporteseli.com\/index.php?rest_route=%2Fwp%2Fv2%2Fproduct_cat&post=41408"},{"taxonomy":"product_tag","embeddable":true,"href":"https:\/\/www.deporteseli.com\/index.php?rest_route=%2Fwp%2Fv2%2Fproduct_tag&post=41408"}],"curies":[{"name":"wp","href":"https:\/\/api.w.org\/{rel}","templated":true}]}}