{"id":41406,"date":"2026-01-27T19:16:31","date_gmt":"2026-01-27T19:16:31","guid":{"rendered":"https:\/\/www.deporteseli.com\/?product=camiseta-tiberio-colorblock-cotton-3-bandas"},"modified":"2026-03-07T05:51:21","modified_gmt":"2026-03-07T05:51:21","slug":"camiseta-tiberio-colorblock-cotton-3-bandas","status":"publish","type":"product","link":"https:\/\/www.deporteseli.com\/?product=camiseta-tiberio-colorblock-cotton-3-bandas","title":{"rendered":"CAMISETA TIBERIO COLORBLOCK COTTON 3 BANDAS"},"content":{"rendered":"<p>PRESUME DE ESTILO DE VIDA ACTIVO  Fluye con el d\u00eda. Esta camiseta adidas para j\u00f3venes deportistas te ofrece un look informal perfecto para salir al parque con tus amigos o relajarte despu\u00e9s de un largo d\u00eda. Su tejido de algod\u00f3n ultrasuave te garantiza un gran confort hagas lo que hagas.    Colaboramos con Better Cotton para favorecer el cultivo del algod\u00f3n org\u00e1nico a nivel mundial. Better Cotton existe para mejorar las condiciones de quienes producen el algod\u00f3n, del medioambiente en el que se cultiva y el futuro del sector agr\u00edcola.    Better Cotton se obtiene a trav\u00e9s de un modelo de cadena de custodia llamado balance de masas. Esto significa que Better Cotton no es f\u00edsicamente rastreable a nivel de productos finales. Sin embargo, los agricultores de Better Cotton se benefician de la demanda de Better Cotton en vol\u00famenes equivalentes a los que utilizamos como marca.  Corte cl\u00e1sico  Cuello redondo  Punto 100% algod\u00f3n  Dise\u00f1o con bloques de color  Producto creado en colaboraci\u00f3n con Better Cotton  Color del art\u00edculo: Semi Lucid Blue \/ Medium Grey Heather \/ White  N\u00famero de art\u00edculo: IJ8732                                                                                                                                                                                                                                                                                                                                                                                                                                                                                                                                                                                                                                                                                                                                                                                                                                                                                                                                                                                                                                        <\/p>\n","protected":false},"excerpt":{"rendered":"<p>CAMISETA TIBERIO COLORBLOCK COTTON 3 BANDAS<\/p>\n","protected":false},"featured_media":55096,"template":"","meta":[],"product_brand":[],"product_cat":[296],"product_tag":[18],"class_list":{"0":"post-41406","1":"product","2":"type-product","3":"status-publish","4":"has-post-thumbnail","6":"product_cat-nino_textil_camisetas","7":"product_tag-adidas","8":"pa_color-unico","9":"pa_talla-t-10","10":"thunk-woo-product-list","11":"opn-qv-enable","12":"open-woo-hover-","13":"open-single-product-tab-horizontal","14":"open-shadow-","15":"open-shadow-hover-","17":"first","18":"instock","19":"shipping-taxable","20":"purchasable","21":"product-type-variable"},"jetpack_sharing_enabled":true,"_links":{"self":[{"href":"https:\/\/www.deporteseli.com\/index.php?rest_route=\/wp\/v2\/product\/41406","targetHints":{"allow":["GET"]}}],"collection":[{"href":"https:\/\/www.deporteseli.com\/index.php?rest_route=\/wp\/v2\/product"}],"about":[{"href":"https:\/\/www.deporteseli.com\/index.php?rest_route=\/wp\/v2\/types\/product"}],"wp:featuredmedia":[{"embeddable":true,"href":"https:\/\/www.deporteseli.com\/index.php?rest_route=\/wp\/v2\/media\/55096"}],"wp:attachment":[{"href":"https:\/\/www.deporteseli.com\/index.php?rest_route=%2Fwp%2Fv2%2Fmedia&parent=41406"}],"wp:term":[{"taxonomy":"product_brand","embeddable":true,"href":"https:\/\/www.deporteseli.com\/index.php?rest_route=%2Fwp%2Fv2%2Fproduct_brand&post=41406"},{"taxonomy":"product_cat","embeddable":true,"href":"https:\/\/www.deporteseli.com\/index.php?rest_route=%2Fwp%2Fv2%2Fproduct_cat&post=41406"},{"taxonomy":"product_tag","embeddable":true,"href":"https:\/\/www.deporteseli.com\/index.php?rest_route=%2Fwp%2Fv2%2Fproduct_tag&post=41406"}],"curies":[{"name":"wp","href":"https:\/\/api.w.org\/{rel}","templated":true}]}}