{"id":41402,"date":"2026-01-27T19:16:21","date_gmt":"2026-01-27T19:16:21","guid":{"rendered":"https:\/\/www.deporteseli.com\/?product=tenis-adidas-gy9255"},"modified":"2026-04-18T04:18:06","modified_gmt":"2026-04-18T04:18:06","slug":"tenis-adidas-gy9255","status":"publish","type":"product","link":"https:\/\/www.deporteseli.com\/?product=tenis-adidas-gy9255","title":{"rendered":"TENIS ADIDAS GY9255"},"content":{"rendered":"<p>Las zapatillas Adidas Court Silk est\u00e1n confeccionadas con perforaciones decorativas y tres franjas caracter\u00edsticas de la marca para agregarles un toque deportivo. Podr\u00e1s lucirlas en cualquier momento y vayas donde vayas gracias a su c\u00f3modo dise\u00f1o.    CARACTER\u00cdSTICAS    Horma cl\u00e1sica.  Cierre de cordones.  Parte superior de piel sint\u00e9tica.  Dise\u00f1o acolchado.  Forro textil.                                                                                                                                                                                                                                                                                                                                                                                                                                                                                                                                                                                                                                                                                                                                                                                                                                                                                                                                                                                                                                        <\/p>\n","protected":false},"excerpt":{"rendered":"<p>TENIS ADIDAS GY9255<\/p>\n","protected":false},"featured_media":55092,"template":"","meta":[],"product_brand":[],"product_cat":[287],"product_tag":[18],"class_list":{"0":"post-41402","1":"product","2":"type-product","3":"status-publish","4":"has-post-thumbnail","6":"product_cat-mujer_calzado_casual","7":"product_tag-adidas","8":"pa_color-unico","9":"pa_talla-38-5","10":"pa_talla-39-5","11":"pa_talla-149","12":"thunk-woo-product-list","13":"opn-qv-enable","14":"open-woo-hover-","15":"open-single-product-tab-horizontal","16":"open-shadow-","17":"open-shadow-hover-","19":"first","20":"instock","21":"sale","22":"shipping-taxable","23":"purchasable","24":"product-type-variable"},"jetpack_sharing_enabled":true,"_links":{"self":[{"href":"https:\/\/www.deporteseli.com\/index.php?rest_route=\/wp\/v2\/product\/41402","targetHints":{"allow":["GET"]}}],"collection":[{"href":"https:\/\/www.deporteseli.com\/index.php?rest_route=\/wp\/v2\/product"}],"about":[{"href":"https:\/\/www.deporteseli.com\/index.php?rest_route=\/wp\/v2\/types\/product"}],"wp:featuredmedia":[{"embeddable":true,"href":"https:\/\/www.deporteseli.com\/index.php?rest_route=\/wp\/v2\/media\/55092"}],"wp:attachment":[{"href":"https:\/\/www.deporteseli.com\/index.php?rest_route=%2Fwp%2Fv2%2Fmedia&parent=41402"}],"wp:term":[{"taxonomy":"product_brand","embeddable":true,"href":"https:\/\/www.deporteseli.com\/index.php?rest_route=%2Fwp%2Fv2%2Fproduct_brand&post=41402"},{"taxonomy":"product_cat","embeddable":true,"href":"https:\/\/www.deporteseli.com\/index.php?rest_route=%2Fwp%2Fv2%2Fproduct_cat&post=41402"},{"taxonomy":"product_tag","embeddable":true,"href":"https:\/\/www.deporteseli.com\/index.php?rest_route=%2Fwp%2Fv2%2Fproduct_tag&post=41402"}],"curies":[{"name":"wp","href":"https:\/\/api.w.org\/{rel}","templated":true}]}}