{"id":41395,"date":"2026-01-27T19:16:09","date_gmt":"2026-01-27T19:16:09","guid":{"rendered":"https:\/\/www.deporteseli.com\/?product=tenis-adidas-fw7376"},"modified":"2026-03-13T05:18:19","modified_gmt":"2026-03-13T05:18:19","slug":"tenis-adidas-fw7376","status":"publish","type":"product","link":"https:\/\/www.deporteseli.com\/?product=tenis-adidas-fw7376","title":{"rendered":"TENIS ADIDAS FW7376"},"content":{"rendered":"<p>Prep\u00e1rale para seguir los pasos de los mejores jugadores de tenis. Esta zapatilla adidas para peque\u00f1os deportistas se inspira en los dise\u00f1os que triunfaron en las pistas en los a\u00f1os 70. La suela de goma flexible ofrece una gran agarre y una pisada c\u00f3moda.  La parte superior contiene al menos un 50% de materiales reciclados. Su objetivo es plantear otra soluci\u00f3n m\u00e1s que ayude a eliminar los residuos pl\u00e1sticos.    COMPOSICI\u00d3N Y TECNOLOG\u00cdA    Un cl\u00e1sico atemporal  Horma cl\u00e1sica  Cierre de cordones  Parte superior de piel sint\u00e9tica  Forro sint\u00e9tico  Suela de goma                                                                                                                                                                                                                                                                                                                                                                                                                                                                                                                                                                                                                                                                                                                                                                                                                                                                                                                                                                                                                                        <\/p>\n","protected":false},"excerpt":{"rendered":"<p>TENIS ADIDAS FW7376<\/p>\n","protected":false},"featured_media":55089,"template":"","meta":[],"product_brand":[],"product_cat":[287],"product_tag":[18],"class_list":{"0":"post-41395","1":"product","2":"type-product","3":"status-publish","4":"has-post-thumbnail","6":"product_cat-mujer_calzado_casual","7":"product_tag-adidas","8":"pa_color-unico","9":"pa_talla-141","10":"pa_talla-37-5","11":"pa_talla-145","12":"pa_talla-38-5","13":"pa_talla-149","14":"pa_talla-40-5","15":"thunk-woo-product-list","16":"opn-qv-enable","17":"open-woo-hover-","18":"open-single-product-tab-horizontal","19":"open-shadow-","20":"open-shadow-hover-","22":"first","23":"instock","24":"sale","25":"shipping-taxable","26":"purchasable","27":"product-type-variable"},"jetpack_sharing_enabled":true,"_links":{"self":[{"href":"https:\/\/www.deporteseli.com\/index.php?rest_route=\/wp\/v2\/product\/41395","targetHints":{"allow":["GET"]}}],"collection":[{"href":"https:\/\/www.deporteseli.com\/index.php?rest_route=\/wp\/v2\/product"}],"about":[{"href":"https:\/\/www.deporteseli.com\/index.php?rest_route=\/wp\/v2\/types\/product"}],"wp:featuredmedia":[{"embeddable":true,"href":"https:\/\/www.deporteseli.com\/index.php?rest_route=\/wp\/v2\/media\/55089"}],"wp:attachment":[{"href":"https:\/\/www.deporteseli.com\/index.php?rest_route=%2Fwp%2Fv2%2Fmedia&parent=41395"}],"wp:term":[{"taxonomy":"product_brand","embeddable":true,"href":"https:\/\/www.deporteseli.com\/index.php?rest_route=%2Fwp%2Fv2%2Fproduct_brand&post=41395"},{"taxonomy":"product_cat","embeddable":true,"href":"https:\/\/www.deporteseli.com\/index.php?rest_route=%2Fwp%2Fv2%2Fproduct_cat&post=41395"},{"taxonomy":"product_tag","embeddable":true,"href":"https:\/\/www.deporteseli.com\/index.php?rest_route=%2Fwp%2Fv2%2Fproduct_tag&post=41395"}],"curies":[{"name":"wp","href":"https:\/\/api.w.org\/{rel}","templated":true}]}}