{"id":41390,"date":"2026-01-27T19:15:59","date_gmt":"2026-01-27T19:15:59","guid":{"rendered":"https:\/\/www.deporteseli.com\/?product=gorra-embroidered-logo-lightweight"},"modified":"2026-01-27T19:16:08","modified_gmt":"2026-01-27T19:16:08","slug":"gorra-embroidered-logo-lightweight","status":"publish","type":"product","link":"https:\/\/www.deporteseli.com\/?product=gorra-embroidered-logo-lightweight","title":{"rendered":"GORRA EMBROIDERED LOGO LIGHTWEIGHT"},"content":{"rendered":"<p>ESTILO BAJO EL SOL  Todo un cl\u00e1sico, esta gorra de b\u00e9isbol adidas a\u00f1ade un toque atemporal a tus looks. Cuenta con un cierre regulable en la nuca para que te la ajustes a tu gusto. La visera curvada es perfecta para llevarla en cualquier momento y ocasi\u00f3n.    Este producto se ha fabricado con diferentes materiales t\u00e9cnicos y contiene al menos un 40% de material reciclado. Su objetivo es plantear otra soluci\u00f3n m\u00e1s que ayude a eliminar los residuos pl\u00e1sticos.  Tejido t\u00e9cnico 100% poli\u00e9ster reciclado  Visera curvada  Cierre ajustable en la nuca  Color del art\u00edculo: Preloved Scarlet \/ White  N\u00famero de art\u00edculo: IR7885                                                                                                                                                                                                                                                                                                                                                                                                                                                                                                                                                                                                                                                                                                                                                                                                                                                                                                                                                                                                                                        <\/p>\n","protected":false},"excerpt":{"rendered":"<p>GORRA EMBROIDERED LOGO LIGHTWEIGHT<\/p>\n","protected":false},"featured_media":55086,"template":"","meta":[],"product_brand":[],"product_cat":[399],"product_tag":[18],"class_list":{"0":"post-41390","1":"product","2":"type-product","3":"status-publish","4":"has-post-thumbnail","6":"product_cat-accesorios_gorras","7":"product_tag-adidas","8":"pa_color-unico","9":"pa_talla-m","10":"pa_talla-s","11":"pa_talla-t-14","12":"pa_talla-xs","13":"thunk-woo-product-list","14":"opn-qv-enable","15":"open-woo-hover-","16":"open-single-product-tab-horizontal","17":"open-shadow-","18":"open-shadow-hover-","20":"first","21":"instock","22":"shipping-taxable","23":"purchasable","24":"product-type-variable"},"jetpack_sharing_enabled":true,"_links":{"self":[{"href":"https:\/\/www.deporteseli.com\/index.php?rest_route=\/wp\/v2\/product\/41390","targetHints":{"allow":["GET"]}}],"collection":[{"href":"https:\/\/www.deporteseli.com\/index.php?rest_route=\/wp\/v2\/product"}],"about":[{"href":"https:\/\/www.deporteseli.com\/index.php?rest_route=\/wp\/v2\/types\/product"}],"wp:featuredmedia":[{"embeddable":true,"href":"https:\/\/www.deporteseli.com\/index.php?rest_route=\/wp\/v2\/media\/55086"}],"wp:attachment":[{"href":"https:\/\/www.deporteseli.com\/index.php?rest_route=%2Fwp%2Fv2%2Fmedia&parent=41390"}],"wp:term":[{"taxonomy":"product_brand","embeddable":true,"href":"https:\/\/www.deporteseli.com\/index.php?rest_route=%2Fwp%2Fv2%2Fproduct_brand&post=41390"},{"taxonomy":"product_cat","embeddable":true,"href":"https:\/\/www.deporteseli.com\/index.php?rest_route=%2Fwp%2Fv2%2Fproduct_cat&post=41390"},{"taxonomy":"product_tag","embeddable":true,"href":"https:\/\/www.deporteseli.com\/index.php?rest_route=%2Fwp%2Fv2%2Fproduct_tag&post=41390"}],"curies":[{"name":"wp","href":"https:\/\/api.w.org\/{rel}","templated":true}]}}