{"id":41381,"date":"2026-01-27T19:15:30","date_gmt":"2026-01-27T19:15:30","guid":{"rendered":"https:\/\/www.deporteseli.com\/?product=camisa-asics-2011c992"},"modified":"2026-03-07T05:51:15","modified_gmt":"2026-03-07T05:51:15","slug":"camisa-asics-2011c992","status":"publish","type":"product","link":"https:\/\/www.deporteseli.com\/?product=camisa-asics-2011c992","title":{"rendered":"CAMISA ASICS 2011C992"},"content":{"rendered":"<p>La camiseta ROAD SHORT SLEEVE TOP es nuestra prenda favorita de running para todas las estaciones, dise\u00f1ada pensando en la transpirabilidad.    Con tecnolog\u00eda ACTIBREEZE, que mantiene el cuerpo fresco y c\u00f3modo.    El tejido de malla reciclada bicolor es m\u00e1s transpirable.    Como m\u00ednimo el 50 % del material principal de esta prenda proviene de materiales reciclados.                                                                                                                                                                                                                                                                                                                                                                                                                                                                                                                                                                                                                                                                                                                                                                                                                                                                                                                                                                                                                                        <\/p>\n","protected":false},"excerpt":{"rendered":"<p>CAMISA ASICS 2011C992<\/p>\n","protected":false},"featured_media":55068,"template":"","meta":[],"product_brand":[],"product_cat":[364],"product_tag":[19],"class_list":{"0":"post-41381","1":"product","2":"type-product","3":"status-publish","4":"has-post-thumbnail","6":"product_cat-padel_y_tenis_textil_camisas","7":"product_tag-asics","8":"pa_color-azul","9":"pa_talla-s","10":"thunk-woo-product-list","11":"opn-qv-enable","12":"open-woo-hover-","13":"open-single-product-tab-horizontal","14":"open-shadow-","15":"open-shadow-hover-","17":"first","18":"instock","19":"shipping-taxable","20":"purchasable","21":"product-type-variable"},"jetpack_sharing_enabled":true,"_links":{"self":[{"href":"https:\/\/www.deporteseli.com\/index.php?rest_route=\/wp\/v2\/product\/41381","targetHints":{"allow":["GET"]}}],"collection":[{"href":"https:\/\/www.deporteseli.com\/index.php?rest_route=\/wp\/v2\/product"}],"about":[{"href":"https:\/\/www.deporteseli.com\/index.php?rest_route=\/wp\/v2\/types\/product"}],"wp:featuredmedia":[{"embeddable":true,"href":"https:\/\/www.deporteseli.com\/index.php?rest_route=\/wp\/v2\/media\/55068"}],"wp:attachment":[{"href":"https:\/\/www.deporteseli.com\/index.php?rest_route=%2Fwp%2Fv2%2Fmedia&parent=41381"}],"wp:term":[{"taxonomy":"product_brand","embeddable":true,"href":"https:\/\/www.deporteseli.com\/index.php?rest_route=%2Fwp%2Fv2%2Fproduct_brand&post=41381"},{"taxonomy":"product_cat","embeddable":true,"href":"https:\/\/www.deporteseli.com\/index.php?rest_route=%2Fwp%2Fv2%2Fproduct_cat&post=41381"},{"taxonomy":"product_tag","embeddable":true,"href":"https:\/\/www.deporteseli.com\/index.php?rest_route=%2Fwp%2Fv2%2Fproduct_tag&post=41381"}],"curies":[{"name":"wp","href":"https:\/\/api.w.org\/{rel}","templated":true}]}}