{"id":41375,"date":"2026-01-27T19:15:13","date_gmt":"2026-01-27T19:15:13","guid":{"rendered":"https:\/\/www.deporteseli.com\/?product=short-asics-2011c391-2"},"modified":"2026-03-07T05:51:13","modified_gmt":"2026-03-07T05:51:13","slug":"short-asics-2011c391-2","status":"publish","type":"product","link":"https:\/\/www.deporteseli.com\/?product=short-asics-2011c391-2","title":{"rendered":"SHORT ASICS 2011C391"},"content":{"rendered":"<p>Los pantalones cortos ROAD, nuestros pantalones de running preferidos para toda la temporada, est\u00e1n dise\u00f1ados pensando en la libertad de movimiento. Fabricados con ligereza, flexibilidad y transpirabilidad para que puedas concentrarte en el camino que tienes por delante. Un nuevo y mejorado bolsillo para el tel\u00e9fono permite que resulte m\u00e1s f\u00e1cil cogerlo estando en movimiento.    Tejido principal:100% Poli\u00e9ster (reciclado) \/ Inserci\u00f3n:100% Poli\u00e9ster (reciclado) \/ Forro:83% Poli\u00e9ster (reciclado) \/ 17% Poli\u00e9ster                                                                                                                                                                                                                                                                                                                                                                                                                                                                                                                                                                                                                                                                                                                                                                                                                                                                                                                                                                                                                                        <\/p>\n","protected":false},"excerpt":{"rendered":"<p>SHORT ASICS 2011C391<\/p>\n","protected":false},"featured_media":55066,"template":"","meta":[],"product_brand":[],"product_cat":[365],"product_tag":[19],"class_list":{"0":"post-41375","1":"product","2":"type-product","3":"status-publish","4":"has-post-thumbnail","6":"product_cat-padel_y_tenis_textil_shorts","7":"product_tag-asics","8":"pa_color-azul","9":"pa_talla-l","10":"pa_talla-m","11":"pa_talla-s","12":"pa_talla-xl","13":"pa_talla-xxl","14":"thunk-woo-product-list","15":"opn-qv-enable","16":"open-woo-hover-","17":"open-single-product-tab-horizontal","18":"open-shadow-","19":"open-shadow-hover-","21":"first","22":"instock","23":"shipping-taxable","24":"purchasable","25":"product-type-variable"},"jetpack_sharing_enabled":true,"_links":{"self":[{"href":"https:\/\/www.deporteseli.com\/index.php?rest_route=\/wp\/v2\/product\/41375","targetHints":{"allow":["GET"]}}],"collection":[{"href":"https:\/\/www.deporteseli.com\/index.php?rest_route=\/wp\/v2\/product"}],"about":[{"href":"https:\/\/www.deporteseli.com\/index.php?rest_route=\/wp\/v2\/types\/product"}],"wp:featuredmedia":[{"embeddable":true,"href":"https:\/\/www.deporteseli.com\/index.php?rest_route=\/wp\/v2\/media\/55066"}],"wp:attachment":[{"href":"https:\/\/www.deporteseli.com\/index.php?rest_route=%2Fwp%2Fv2%2Fmedia&parent=41375"}],"wp:term":[{"taxonomy":"product_brand","embeddable":true,"href":"https:\/\/www.deporteseli.com\/index.php?rest_route=%2Fwp%2Fv2%2Fproduct_brand&post=41375"},{"taxonomy":"product_cat","embeddable":true,"href":"https:\/\/www.deporteseli.com\/index.php?rest_route=%2Fwp%2Fv2%2Fproduct_cat&post=41375"},{"taxonomy":"product_tag","embeddable":true,"href":"https:\/\/www.deporteseli.com\/index.php?rest_route=%2Fwp%2Fv2%2Fproduct_tag&post=41375"}],"curies":[{"name":"wp","href":"https:\/\/api.w.org\/{rel}","templated":true}]}}